{"id":746,"date":"2021-01-31T13:02:13","date_gmt":"2021-01-31T12:02:13","guid":{"rendered":"https:\/\/www.hsucdp.hr\/virtualni-savjetnik\/?page_id=746"},"modified":"2021-02-01T16:26:20","modified_gmt":"2021-02-01T15:26:20","slug":"kako-koristiti-prilagodeni-sadrzaj","status":"publish","type":"page","link":"https:\/\/www.hsucdp.hr\/virtualni-savjetnik\/kako-koristiti-prilagodeni-sadrzaj\/","title":{"rendered":"Kako koristiti prilago\u0111eni sadr\u017eaj"},"content":{"rendered":"\t\t<div data-elementor-type=\"wp-page\" data-elementor-id=\"746\" class=\"elementor elementor-746\">\n\t\t\t\t\t\t<div class=\"elementor-inner\">\n\t\t\t\t<div class=\"elementor-section-wrap\">\n\t\t\t\t\t\t\t\t\t<main class=\"elementor-section elementor-top-section elementor-element elementor-element-6adf3e9 elementor-section-boxed elementor-section-height-default elementor-section-height-default\" data-id=\"6adf3e9\" data-element_type=\"section\">\n\t\t\t\t\t\t<div class=\"elementor-container elementor-column-gap-default\">\n\t\t\t\t\t\t\t<div class=\"elementor-row\">\n\t\t\t\t\t<div class=\"elementor-column elementor-col-100 elementor-top-column elementor-element elementor-element-bab37f2\" data-id=\"bab37f2\" data-element_type=\"column\">\n\t\t\t<div class=\"elementor-column-wrap elementor-element-populated\">\n\t\t\t\t\t\t\t<div class=\"elementor-widget-wrap\">\n\t\t\t\t\t\t<div class=\"elementor-element elementor-element-7a50ab5 elementor-widget elementor-widget-heading\" data-id=\"7a50ab5\" data-element_type=\"widget\" data-widget_type=\"heading.default\">\n\t\t\t\t<div class=\"elementor-widget-container\">\n\t\t\t<h2 class=\"elementor-heading-title elementor-size-default\">Kako koristiti prilago\u0111eni sadr\u017eaj na ovoj stranici<\/h2>\t\t<\/div>\n\t\t\t\t<\/div>\n\t\t\t\t\t\t<\/div>\n\t\t\t\t\t<\/div>\n\t\t<\/div>\n\t\t\t\t\t\t\t\t<\/div>\n\t\t\t\t\t<\/div>\n\t\t<\/main>\n\t\t\t\t<main class=\"elementor-section elementor-top-section elementor-element elementor-element-20ed65c elementor-section-boxed elementor-section-height-default elementor-section-height-default\" data-id=\"20ed65c\" data-element_type=\"section\">\n\t\t\t\t\t\t<div class=\"elementor-container elementor-column-gap-default\">\n\t\t\t\t\t\t\t<div class=\"elementor-row\">\n\t\t\t\t\t<div class=\"elementor-column elementor-col-50 elementor-top-column elementor-element elementor-element-2437ecf\" data-id=\"2437ecf\" data-element_type=\"column\">\n\t\t\t<div class=\"elementor-column-wrap\">\n\t\t\t\t\t\t\t<div class=\"elementor-widget-wrap\">\n\t\t\t\t\t\t\t\t<\/div>\n\t\t\t\t\t<\/div>\n\t\t<\/div>\n\t\t\t\t<div class=\"elementor-column elementor-col-50 elementor-top-column elementor-element elementor-element-fd63be5\" data-id=\"fd63be5\" data-element_type=\"column\">\n\t\t\t<div class=\"elementor-column-wrap elementor-element-populated\">\n\t\t\t\t\t\t\t<div class=\"elementor-widget-wrap\">\n\t\t\t\t\t\t<div class=\"elementor-element elementor-element-3d1bfe7 elementor-widget elementor-widget-text-editor\" data-id=\"3d1bfe7\" data-element_type=\"widget\" data-widget_type=\"text-editor.default\">\n\t\t\t\t<div class=\"elementor-widget-container\">\n\t\t\t\t\t\t\t\t<div class=\"elementor-text-editor elementor-clearfix\">\n\t\t\t\t<p>U svrhu prilagodbe pristupa\u010dnosti ove web stranice osobama s invaliditetom odre\u0111eni materijali izra\u0111eni su u\u00a0<span style=\"font-size: 1rem;\">nekoliko alternativnih formata.<\/span><\/p><p>Web stranica izra\u0111ena je na javno dostupnom, stabilnom i visokokvalitenom sustavu za obradu sadr\u017eaja (eng. CMS &#8211; Content Managment System) i na temi koja je izra\u0111ena u vidu digitalne pristupa\u010dnosti za osobe s invaliditetom.\u00a0<span style=\"font-size: 1rem;\">Stranica i sadr\u017eaj su responzivni i automatski se prilago\u0111avaju razli\u010ditim dimenzijama ure\u0111aja ili preglednika. Za optimalno korisni\u010dko iskustvo preporuka je koristiti intenet preglednik Google Chrome (verzija 88+ official build).<\/span><\/p><p><span style=\"font-size: 1rem;\">Prilikom izrade stranice posebna je pa\u017enja obra\u0107ena na:<\/span><\/p><p><span style=\"font-size: 1rem;\">&#8211; odabir kontrasta teksta i ostalih elemenata u svrhu postizanja maksimalnog kontrasta u odnosu na pozadinu,<\/span><\/p><p><span style=\"font-size: 1rem;\">&#8211; svim slikama dodjeljeni su <em>alt<\/em> atributi koji \u010dita\u010dima zaslona omogu\u0107uju \u201e\u010ditanje\u201c opisa slike,<\/span><\/p><p><span style=\"font-size: 1rem;\">&#8211; kori\u0161teni su alternativnih formati za prikaz ilustracija digitalne slikovnice,<\/span><\/p><p><span style=\"font-size: 1rem;\">&#8211; kori\u0161ten je dovoljno velik (minimalno 16 px) i \u010ditljiv font (Arial) na tekstovima na cijeloj stranici,<\/span><\/p><p>&#8211; poveznice u izborniku su dovoljno velike i postavljene na takvoj udaljenosti jedna od druge koja \u0107e omogu\u0107iti njihovo kori\u0161tenje osobama s motori\u010dkim poreme\u0107ajem,<span style=\"font-size: 1rem;\">\u00a0<\/span><\/p><p>&#8211;\u00a0<span style=\"font-size: 1rem;\">poveznice<\/span><span style=\"font-size: 1rem;\">\u00a0<\/span><span style=\"font-size: 1rem;\">na vanjske sadr\u017eaje ili sadr\u017eaj unutar stranice\u00a0<\/span><span style=\"font-size: 1rem;\">koje su\u00a0<\/span><span style=\"font-size: 1rem;\">dio teksta\u00a0<\/span><span style=\"font-size: 1rem;\">su podcrtane,<\/span><\/p><p>&#8211; omogu\u0107eno je kori\u0161tenje tipkovnice kao alternativnog na\u010dina izvr\u0161avanja zadataka \u010dija je izvedba mi\u0161em te\u0161ka osobama s motori\u010dkim te\u0161ko\u0107ama,<\/p><p>&#8211; prilikom kori\u0161tenja tipkovnice u svrhu navigacije kroz stanicu poveznice su dodatno ozna\u010dene crvenim okvirom za lak\u0161e vizualno pronala\u017eenje trenutne odbrane lokacije,<\/p><p>&#8211; nisu kori\u0161teni bljeskaju\u0107i elementi\u00a0koji mogu izazvati smetnje kod osoba s poreme\u0107ajem senzorne integracije i drugim neurolo\u0161kim smetnjama.<span style=\"font-size: 1rem;\">\u00a0<\/span><\/p>\t\t\t\t\t<\/div>\n\t\t\t\t\t\t<\/div>\n\t\t\t\t<\/div>\n\t\t\t\t\t\t<\/div>\n\t\t\t\t\t<\/div>\n\t\t<\/div>\n\t\t\t\t\t\t\t\t<\/div>\n\t\t\t\t\t<\/div>\n\t\t<\/main>\n\t\t\t\t<main class=\"elementor-section elementor-top-section elementor-element elementor-element-f57669b elementor-section-boxed elementor-section-height-default elementor-section-height-default\" data-id=\"f57669b\" data-element_type=\"section\">\n\t\t\t\t\t\t<div class=\"elementor-container elementor-column-gap-default\">\n\t\t\t\t\t\t\t<div class=\"elementor-row\">\n\t\t\t\t\t<div class=\"elementor-column elementor-col-50 elementor-top-column elementor-element elementor-element-0a34161\" data-id=\"0a34161\" data-element_type=\"column\">\n\t\t\t<div class=\"elementor-column-wrap elementor-element-populated\">\n\t\t\t\t\t\t\t<div class=\"elementor-widget-wrap\">\n\t\t\t\t\t\t<div class=\"elementor-element elementor-element-9f1c269 elementor-widget elementor-widget-image\" data-id=\"9f1c269\" data-element_type=\"widget\" data-widget_type=\"image.default\">\n\t\t\t\t<div class=\"elementor-widget-container\">\n\t\t\t\t\t\t\t\t<div class=\"elementor-image\">\n\t\t\t\t\t\t\t\t\t\t\t\t<img loading=\"lazy\" decoding=\"async\" width=\"52\" height=\"52\" src=\"https:\/\/www.hsucdp.hr\/virtualni-savjetnik\/wp-content\/uploads\/2021\/01\/widget-za-digitalnu-pristupacnost.jpg\" class=\"attachment-large size-large wp-image-749\" alt=\"Widget za digitalnu pristupacnost\" \/>\t\t\t\t\t\t\t\t\t\t\t\t\t\t<\/div>\n\t\t\t\t\t\t<\/div>\n\t\t\t\t<\/div>\n\t\t\t\t\t\t<\/div>\n\t\t\t\t\t<\/div>\n\t\t<\/div>\n\t\t\t\t<div class=\"elementor-column elementor-col-50 elementor-top-column elementor-element elementor-element-8a590ae\" data-id=\"8a590ae\" data-element_type=\"column\">\n\t\t\t<div class=\"elementor-column-wrap elementor-element-populated\">\n\t\t\t\t\t\t\t<div class=\"elementor-widget-wrap\">\n\t\t\t\t\t\t<div class=\"elementor-element elementor-element-6b7d42b elementor-widget elementor-widget-text-editor\" data-id=\"6b7d42b\" data-element_type=\"widget\" data-widget_type=\"text-editor.default\">\n\t\t\t\t<div class=\"elementor-widget-container\">\n\t\t\t\t\t\t\t\t<div class=\"elementor-text-editor elementor-clearfix\">\n\t\t\t\t<p><b>Dodatak za digitalnu pristupa\u010dnost<\/b>&nbsp;dostupnim je na svim stranicama i nalazi u gornjem lijevom kutu internet preglednika i koji dodatno omogu\u0107uje prilago\u0111avanje tekstualnog sadr\u017eaja i to u podru\u010dju:<\/p>\n<p>&#8211; upravljanja veli\u010dinom teksta (ve\u0107i ili manji tekst),&nbsp;<\/p>\n<p>&#8211; prikazivanja sadr\u017eaja u nijansama sive boje,<\/p>\n<p>&#8211; promjenu kontrasta (ve\u0107i kontrast, negativni kontrast),<\/p>\n<p>&#8211; postavljanje svijetle pozadine,<\/p>\n<p>&#8211; ozna\u010davanja i potcrtavanja poveznica na druge stranice,<\/p>\n<p>&#8211; promjenu fonta u jednostavnu i \u010ditljiviju varijantu.<\/p>\t\t\t\t\t<\/div>\n\t\t\t\t\t\t<\/div>\n\t\t\t\t<\/div>\n\t\t\t\t\t\t<\/div>\n\t\t\t\t\t<\/div>\n\t\t<\/div>\n\t\t\t\t\t\t\t\t<\/div>\n\t\t\t\t\t<\/div>\n\t\t<\/main>\n\t\t\t\t<main class=\"elementor-section elementor-top-section elementor-element elementor-element-d020aaf elementor-section-boxed elementor-section-height-default elementor-section-height-default\" data-id=\"d020aaf\" data-element_type=\"section\">\n\t\t\t\t\t\t<div class=\"elementor-container elementor-column-gap-default\">\n\t\t\t\t\t\t\t<div class=\"elementor-row\">\n\t\t\t\t\t<div class=\"elementor-column elementor-col-50 elementor-top-column elementor-element elementor-element-82d37ef\" data-id=\"82d37ef\" data-element_type=\"column\">\n\t\t\t<div class=\"elementor-column-wrap elementor-element-populated\">\n\t\t\t\t\t\t\t<div class=\"elementor-widget-wrap\">\n\t\t\t\t\t\t<div class=\"elementor-element elementor-element-90e2d4a elementor-widget elementor-widget-image\" data-id=\"90e2d4a\" data-element_type=\"widget\" data-widget_type=\"image.default\">\n\t\t\t\t<div class=\"elementor-widget-container\">\n\t\t\t\t\t\t\t\t<div class=\"elementor-image\">\n\t\t\t\t\t\t\t\t\t\t\t\t<img loading=\"lazy\" decoding=\"async\" width=\"700\" height=\"787\" src=\"https:\/\/www.hsucdp.hr\/virtualni-savjetnik\/wp-content\/uploads\/2021\/01\/00-911x1024.jpg\" class=\"attachment-large size-large wp-image-568\" alt=\"\" srcset=\"https:\/\/www.hsucdp.hr\/virtualni-savjetnik\/wp-content\/uploads\/2021\/01\/00-911x1024.jpg 911w, https:\/\/www.hsucdp.hr\/virtualni-savjetnik\/wp-content\/uploads\/2021\/01\/00-267x300.jpg 267w, https:\/\/www.hsucdp.hr\/virtualni-savjetnik\/wp-content\/uploads\/2021\/01\/00-768x863.jpg 768w, https:\/\/www.hsucdp.hr\/virtualni-savjetnik\/wp-content\/uploads\/2021\/01\/00-700x787.jpg 700w, https:\/\/www.hsucdp.hr\/virtualni-savjetnik\/wp-content\/uploads\/2021\/01\/00.jpg 960w\" sizes=\"auto, (max-width: 700px) 100vw, 700px\" \/>\t\t\t\t\t\t\t\t\t\t\t\t\t\t<\/div>\n\t\t\t\t\t\t<\/div>\n\t\t\t\t<\/div>\n\t\t\t\t\t\t<\/div>\n\t\t\t\t\t<\/div>\n\t\t<\/div>\n\t\t\t\t<div class=\"elementor-column elementor-col-50 elementor-top-column elementor-element elementor-element-657f766\" data-id=\"657f766\" data-element_type=\"column\">\n\t\t\t<div class=\"elementor-column-wrap elementor-element-populated\">\n\t\t\t\t\t\t\t<div class=\"elementor-widget-wrap\">\n\t\t\t\t\t\t<div class=\"elementor-element elementor-element-b6380aa elementor-widget elementor-widget-text-editor\" data-id=\"b6380aa\" data-element_type=\"widget\" data-widget_type=\"text-editor.default\">\n\t\t\t\t<div class=\"elementor-widget-container\">\n\t\t\t\t\t\t\t\t<div class=\"elementor-text-editor elementor-clearfix\">\n\t\t\t\t<p>Budu\u0107i da je\u00a0<strong>digitalna slikovnica<\/strong> &#8220;Reci NE elektroni\u010dkom nasilju&#8221; temeljena na ilustracijama, <strong>osigurano je nekoliko alternativnih formata kako bi se omogu\u0107ilo\u00a0do\u017eivljavanje sadr\u017eaja vi\u0161e razli\u010ditih osjetila<\/strong>:<\/p><p>&#8211; <strong>Digitalna slikovnica s tekstom<\/strong> &#8211; namijenjena op\u0107oj populaciji.<\/p><p>&#8211;\u00a0<strong>Audio digitalna slikovnica (autoplay)<\/strong> &#8211; namijenjena korisnicima kojima ilustracije ne predstavljaju problem, no imaju problema s \u010ditanjem teksta pa bi radije tekst do\u017eivjeli u audio formatu koji se automatski pokre\u0107e okretanjem stranica.<\/p><p>&#8211; <strong>Audio digitalna slikovnica + kontrole<\/strong> &#8211;\u00a0namijenjena korisnicima\u00a0kojima ilustracije ne predstavljaju problem, no\u00a0imaju problema s \u010ditanjem teksta pa bi radije tekst\u00a0do\u017eivjeli\u00a0u audio formatu, ali gdje imaju kontrolu nad pokretanjem i zaustavljanjem zvuka.<\/p><p>&#8211; <strong> Video digitalna slikovnica s tekstom<\/strong> &#8211; namijenjena je korisnicima\u00a0kojima odgovara da se slike prikazuje u video formatu te nemaju potrebu dodatno okretati stranice ili upravljati sadr\u017eajem, dok opcija teksta njima ili digitalnom \u010dita\u0107u omogu\u0107ava \u010ditanje sadr\u017eaja.<\/p><p>&#8211;\u00a0<strong>Video digitalna slikovnica sa zvukom<\/strong>\u00a0&#8211; namijenjena je\u00a0korisnicima\u00a0kojima odgovara da se slike prikazuje u video formatu te nemaju potrebu dodatno okretati stranice ili upravljati sadr\u017eajem, dok audio opcija omogu\u0107ava da se\u00a0tekst do\u017eivi u audio formatu, te da imaju kontrolu nad pokretanjem i zaustavljanjem zvuka.<\/p><p>&#8211; <strong>Isklju\u010divo u audio formatu<\/strong> &#8211;\u00a0namijenjena je\u00a0korisnicima\u00a0kojima odgovara isklju\u010divi audio do\u017eivljaj slikovnice.<\/p><div>&#8211;\u00a0<strong>Isklju\u010divo u tekstualnom formatu<\/strong> &#8211;\u00a0namijenjena je\u00a0korisnicima\u00a0kojima odgovara isklju\u010divo \u010ditanje sadr\u017eaja slikovnice samostalno ili preko ure\u0111aja za \u010ditanje teksta.<\/div>\t\t\t\t\t<\/div>\n\t\t\t\t\t\t<\/div>\n\t\t\t\t<\/div>\n\t\t\t\t\t\t<\/div>\n\t\t\t\t\t<\/div>\n\t\t<\/div>\n\t\t\t\t\t\t\t\t<\/div>\n\t\t\t\t\t<\/div>\n\t\t<\/main>\n\t\t\t\t<main class=\"elementor-section elementor-top-section elementor-element elementor-element-700bca9 elementor-section-boxed elementor-section-height-default elementor-section-height-default\" data-id=\"700bca9\" data-element_type=\"section\">\n\t\t\t\t\t\t<div class=\"elementor-container elementor-column-gap-default\">\n\t\t\t\t\t\t\t<div class=\"elementor-row\">\n\t\t\t\t\t<div class=\"elementor-column elementor-col-50 elementor-top-column elementor-element elementor-element-cf923b1\" data-id=\"cf923b1\" data-element_type=\"column\">\n\t\t\t<div class=\"elementor-column-wrap elementor-element-populated\">\n\t\t\t\t\t\t\t<div class=\"elementor-widget-wrap\">\n\t\t\t\t\t\t<div class=\"elementor-element elementor-element-a5695a3 elementor-widget elementor-widget-image\" data-id=\"a5695a3\" data-element_type=\"widget\" data-widget_type=\"image.default\">\n\t\t\t\t<div class=\"elementor-widget-container\">\n\t\t\t\t\t\t\t\t<div class=\"elementor-image\">\n\t\t\t\t\t\t\t\t\t\t\t\t<img loading=\"lazy\" decoding=\"async\" width=\"300\" height=\"169\" src=\"https:\/\/www.hsucdp.hr\/virtualni-savjetnik\/wp-content\/uploads\/2021\/02\/NonVisual-Desktop-Access-logo.jpg\" class=\"attachment-large size-large wp-image-880\" alt=\"NonVisual Desktop Access logo\" \/>\t\t\t\t\t\t\t\t\t\t\t\t\t\t<\/div>\n\t\t\t\t\t\t<\/div>\n\t\t\t\t<\/div>\n\t\t\t\t\t\t<\/div>\n\t\t\t\t\t<\/div>\n\t\t<\/div>\n\t\t\t\t<div class=\"elementor-column elementor-col-50 elementor-top-column elementor-element elementor-element-e08cab1\" data-id=\"e08cab1\" data-element_type=\"column\">\n\t\t\t<div class=\"elementor-column-wrap elementor-element-populated\">\n\t\t\t\t\t\t\t<div class=\"elementor-widget-wrap\">\n\t\t\t\t\t\t<div class=\"elementor-element elementor-element-ea6a375 elementor-widget elementor-widget-text-editor\" data-id=\"ea6a375\" data-element_type=\"widget\" data-widget_type=\"text-editor.default\">\n\t\t\t\t<div class=\"elementor-widget-container\">\n\t\t\t\t\t\t\t\t<div class=\"elementor-text-editor elementor-clearfix\">\n\t\t\t\t<p>Web stranica uspje\u0161no je testirana na \u010dita\u010du zaslona <strong>NonVisual Desktop Access<\/strong>, skra\u0107eno NVDA, koji ima podr\u0161ku za hrvatski jezik te je vrlo popularan besplatni \u010dita\u010d zaslona. Njegovi programeri tvrde da je njihov cilj omogu\u0107iti slijepima i slabovidnim osobama da lako koriste ra\u010dunala. Mo\u017ee pro\u010ditati tekst na zaslonu putem ra\u010dunalnog glasa ili ga pretvoriti i predstaviti u obliku brajice. Korisnici mogu kontrolirati ono \u0161to se \u010dita pomicanjem kursora preko zaslona.<\/p>\n<p>Navedeni \u010dita\u010d zaslona mo\u017eete besplatno preuzeti <span style=\"text-decoration: underline;\"><a href=\"https:\/\/www.nvaccess.org\/download\/\">ovdje<\/a><\/span>.<\/p>\t\t\t\t\t<\/div>\n\t\t\t\t\t\t<\/div>\n\t\t\t\t<\/div>\n\t\t\t\t\t\t<\/div>\n\t\t\t\t\t<\/div>\n\t\t<\/div>\n\t\t\t\t\t\t\t\t<\/div>\n\t\t\t\t\t<\/div>\n\t\t<\/main>\n\t\t\t\t\t\t\t\t\t<\/div>\n\t\t\t<\/div>\n\t\t\t\t\t<\/div>\n\t\t","protected":false},"excerpt":{"rendered":"<p>Kako koristiti prilago\u0111eni sadr\u017eaj na ovoj stranici U svrhu prilagodbe pristupa\u010dnosti ove web stranice osobama s invaliditetom odre\u0111eni materijali izra\u0111eni su u\u00a0nekoliko alternativnih formata. Web stranica izra\u0111ena je na javno dostupnom, stabilnom i visokokvalitenom sustavu za obradu sadr\u017eaja (eng. CMS &#8211; Content Managment System) i na temi koja je izra\u0111ena u vidu digitalne pristupa\u010dnosti za [&hellip;]<\/p>\n","protected":false},"author":1,"featured_media":0,"parent":0,"menu_order":0,"comment_status":"closed","ping_status":"closed","template":"elementor_header_footer","meta":{"_mi_skip_tracking":false,"footnotes":""},"class_list":["post-746","page","type-page","status-publish","hentry"],"_links":{"self":[{"href":"https:\/\/www.hsucdp.hr\/virtualni-savjetnik\/wp-json\/wp\/v2\/pages\/746","targetHints":{"allow":["GET"]}}],"collection":[{"href":"https:\/\/www.hsucdp.hr\/virtualni-savjetnik\/wp-json\/wp\/v2\/pages"}],"about":[{"href":"https:\/\/www.hsucdp.hr\/virtualni-savjetnik\/wp-json\/wp\/v2\/types\/page"}],"author":[{"embeddable":true,"href":"https:\/\/www.hsucdp.hr\/virtualni-savjetnik\/wp-json\/wp\/v2\/users\/1"}],"replies":[{"embeddable":true,"href":"https:\/\/www.hsucdp.hr\/virtualni-savjetnik\/wp-json\/wp\/v2\/comments?post=746"}],"version-history":[{"count":91,"href":"https:\/\/www.hsucdp.hr\/virtualni-savjetnik\/wp-json\/wp\/v2\/pages\/746\/revisions"}],"predecessor-version":[{"id":897,"href":"https:\/\/www.hsucdp.hr\/virtualni-savjetnik\/wp-json\/wp\/v2\/pages\/746\/revisions\/897"}],"wp:attachment":[{"href":"https:\/\/www.hsucdp.hr\/virtualni-savjetnik\/wp-json\/wp\/v2\/media?parent=746"}],"curies":[{"name":"wp","href":"https:\/\/api.w.org\/{rel}","templated":true}]}}