{"id":608,"date":"2021-01-30T20:08:51","date_gmt":"2021-01-30T19:08:51","guid":{"rendered":"https:\/\/www.hsucdp.hr\/virtualni-savjetnik\/?page_id=608"},"modified":"2021-02-01T14:20:43","modified_gmt":"2021-02-01T13:20:43","slug":"impressum","status":"publish","type":"page","link":"https:\/\/www.hsucdp.hr\/virtualni-savjetnik\/impressum\/","title":{"rendered":"Impressum"},"content":{"rendered":"\t\t<div data-elementor-type=\"wp-page\" data-elementor-id=\"608\" class=\"elementor elementor-608\">\n\t\t\t\t\t\t<div class=\"elementor-inner\">\n\t\t\t\t<div class=\"elementor-section-wrap\">\n\t\t\t\t\t\t\t\t\t<main class=\"elementor-section elementor-top-section elementor-element elementor-element-ada8084 elementor-section-boxed elementor-section-height-default elementor-section-height-default\" data-id=\"ada8084\" data-element_type=\"section\">\n\t\t\t\t\t\t<div class=\"elementor-container elementor-column-gap-default\">\n\t\t\t\t\t\t\t<div class=\"elementor-row\">\n\t\t\t\t\t<div class=\"elementor-column elementor-col-100 elementor-top-column elementor-element elementor-element-9ecd0c2\" data-id=\"9ecd0c2\" data-element_type=\"column\">\n\t\t\t<div class=\"elementor-column-wrap elementor-element-populated\">\n\t\t\t\t\t\t\t<div class=\"elementor-widget-wrap\">\n\t\t\t\t\t\t<div class=\"elementor-element elementor-element-3e72a41 elementor-widget elementor-widget-heading\" data-id=\"3e72a41\" data-element_type=\"widget\" data-widget_type=\"heading.default\">\n\t\t\t\t<div class=\"elementor-widget-container\">\n\t\t\t<h2 class=\"elementor-heading-title elementor-size-default\">Impressum<\/h2>\t\t<\/div>\n\t\t\t\t<\/div>\n\t\t\t\t\t\t<\/div>\n\t\t\t\t\t<\/div>\n\t\t<\/div>\n\t\t\t\t\t\t\t\t<\/div>\n\t\t\t\t\t<\/div>\n\t\t<\/main>\n\t\t\t\t<main class=\"elementor-section elementor-top-section elementor-element elementor-element-2f1d30a4 elementor-section-boxed elementor-section-height-default elementor-section-height-default\" data-id=\"2f1d30a4\" data-element_type=\"section\">\n\t\t\t\t\t\t<div class=\"elementor-container elementor-column-gap-default\">\n\t\t\t\t\t\t\t<div class=\"elementor-row\">\n\t\t\t\t\t<div class=\"elementor-column elementor-col-100 elementor-top-column elementor-element elementor-element-67f63bbe\" data-id=\"67f63bbe\" data-element_type=\"column\">\n\t\t\t<div class=\"elementor-column-wrap elementor-element-populated\">\n\t\t\t\t\t\t\t<div class=\"elementor-widget-wrap\">\n\t\t\t\t\t\t<div class=\"elementor-element elementor-element-5fedbe90 elementor-widget elementor-widget-text-editor\" data-id=\"5fedbe90\" data-element_type=\"widget\" data-widget_type=\"text-editor.default\">\n\t\t\t\t<div class=\"elementor-widget-container\">\n\t\t\t\t\t\t\t\t<div class=\"elementor-text-editor elementor-clearfix\">\n\t\t\t\t<!-- wp:paragraph --><!-- \/wp:paragraph --><!-- wp:paragraph -->\n<p><strong>Naziv: <\/strong>VirtuS \u2013 Virtualni savjetnik: \u201eReci NE elektroni\u010dkom nasilju\u201c<br \/><strong>Izdava\u010d: <\/strong><span style=\"text-decoration: underline;\"><a href=\"_wp_link_placeholder\" data-wplink-edit=\"true\">Hrvatski savez udruga cerebralne i dje\u010dje paralize<\/a><\/span>, Zagreb, Ulica Marina Tartaglie 2<br \/><strong>Za izdava\u010da: <\/strong>Tomislav Veli\u0107<br \/><strong>Autori: <\/strong>Mirjana Markovinovi\u0107, Marija Bijeli\u0107, Jelena Stani\u0107 Lu\u010din, \u0110uro Darko Ceran\u010devi\u0107.<br \/><strong>Digitalni dizajn i oblikovanje: <\/strong><span style=\"text-decoration: underline;\"><a href=\"http:\/\/\/www.smarterasolutions.com\">Smartera solutions<\/a><\/span><\/p>\n<!-- \/wp:paragraph --><!-- wp:paragraph -->\n<p>Sva prava pridr\u017eana. Umno\u017eavanje, stavljanje na raspolaganje kao i drugi oblici kori\u0161tenja nisu dopu\u0161teni bez posebnog odobrenja autora. Svako neovla\u0161teno kori\u0161tenje, objavljivanje, prerada, obrada, reprodukcija, prikazivanje, preno\u0161enje, distribucija, snimanje ili bilo koji drugi oblik neovla\u0161tene uporabe je zabranjeno.<\/p>\n<!-- \/wp:paragraph -->\t\t\t\t\t<\/div>\n\t\t\t\t\t\t<\/div>\n\t\t\t\t<\/div>\n\t\t\t\t\t\t<\/div>\n\t\t\t\t\t<\/div>\n\t\t<\/div>\n\t\t\t\t\t\t\t\t<\/div>\n\t\t\t\t\t<\/div>\n\t\t<\/main>\n\t\t\t\t\t\t\t\t\t<\/div>\n\t\t\t<\/div>\n\t\t\t\t\t<\/div>\n\t\t","protected":false},"excerpt":{"rendered":"<p>Impressum Naziv: VirtuS \u2013 Virtualni savjetnik: \u201eReci NE elektroni\u010dkom nasilju\u201cIzdava\u010d: Hrvatski savez udruga cerebralne i dje\u010dje paralize, Zagreb, Ulica Marina Tartaglie 2Za izdava\u010da: Tomislav Veli\u0107Autori: Mirjana Markovinovi\u0107, Marija Bijeli\u0107, Jelena Stani\u0107 Lu\u010din, \u0110uro Darko Ceran\u010devi\u0107.Digitalni dizajn i oblikovanje: Smartera solutions Sva prava pridr\u017eana. Umno\u017eavanje, stavljanje na raspolaganje kao i drugi oblici kori\u0161tenja nisu dopu\u0161teni bez [&hellip;]<\/p>\n","protected":false},"author":1,"featured_media":0,"parent":0,"menu_order":0,"comment_status":"closed","ping_status":"closed","template":"elementor_header_footer","meta":{"_mi_skip_tracking":false,"footnotes":""},"class_list":["post-608","page","type-page","status-publish","hentry"],"_links":{"self":[{"href":"https:\/\/www.hsucdp.hr\/virtualni-savjetnik\/wp-json\/wp\/v2\/pages\/608","targetHints":{"allow":["GET"]}}],"collection":[{"href":"https:\/\/www.hsucdp.hr\/virtualni-savjetnik\/wp-json\/wp\/v2\/pages"}],"about":[{"href":"https:\/\/www.hsucdp.hr\/virtualni-savjetnik\/wp-json\/wp\/v2\/types\/page"}],"author":[{"embeddable":true,"href":"https:\/\/www.hsucdp.hr\/virtualni-savjetnik\/wp-json\/wp\/v2\/users\/1"}],"replies":[{"embeddable":true,"href":"https:\/\/www.hsucdp.hr\/virtualni-savjetnik\/wp-json\/wp\/v2\/comments?post=608"}],"version-history":[{"count":12,"href":"https:\/\/www.hsucdp.hr\/virtualni-savjetnik\/wp-json\/wp\/v2\/pages\/608\/revisions"}],"predecessor-version":[{"id":870,"href":"https:\/\/www.hsucdp.hr\/virtualni-savjetnik\/wp-json\/wp\/v2\/pages\/608\/revisions\/870"}],"wp:attachment":[{"href":"https:\/\/www.hsucdp.hr\/virtualni-savjetnik\/wp-json\/wp\/v2\/media?parent=608"}],"curies":[{"name":"wp","href":"https:\/\/api.w.org\/{rel}","templated":true}]}}