{"id":368,"date":"2021-01-21T23:03:19","date_gmt":"2021-01-21T22:03:19","guid":{"rendered":"https:\/\/www.hsucdp.hr\/virtualni-savjetnik\/?page_id=368"},"modified":"2021-02-19T09:34:17","modified_gmt":"2021-02-19T08:34:17","slug":"sto-je-elektronicko-nasilje","status":"publish","type":"page","link":"https:\/\/www.hsucdp.hr\/virtualni-savjetnik\/sto-je-elektronicko-nasilje\/","title":{"rendered":"\u0160to je elektroni\u010dko nasilje"},"content":{"rendered":"\t\t<div data-elementor-type=\"wp-page\" data-elementor-id=\"368\" class=\"elementor elementor-368\">\n\t\t\t\t\t\t<div class=\"elementor-inner\">\n\t\t\t\t<div class=\"elementor-section-wrap\">\n\t\t\t\t\t\t\t\t\t<section class=\"elementor-section elementor-top-section elementor-element elementor-element-dfa0e7d elementor-section-boxed elementor-section-height-default elementor-section-height-default\" data-id=\"dfa0e7d\" data-element_type=\"section\">\n\t\t\t\t\t\t<div class=\"elementor-container elementor-column-gap-default\">\n\t\t\t\t\t\t\t<div class=\"elementor-row\">\n\t\t\t\t\t<div class=\"elementor-column elementor-col-100 elementor-top-column elementor-element elementor-element-ae19435\" data-id=\"ae19435\" data-element_type=\"column\">\n\t\t\t<div class=\"elementor-column-wrap elementor-element-populated\">\n\t\t\t\t\t\t\t<div class=\"elementor-widget-wrap\">\n\t\t\t\t\t\t<div class=\"elementor-element elementor-element-c63a0a5 elementor-widget elementor-widget-text-editor\" data-id=\"c63a0a5\" data-element_type=\"widget\" data-widget_type=\"text-editor.default\">\n\t\t\t\t<div class=\"elementor-widget-container\">\n\t\t\t\t\t\t\t\t<div class=\"elementor-text-editor elementor-clearfix\">\n\t\t\t\t<p align=\"justify\"><strong>\u0160to je to elektroni\u010dko nasilje?<\/strong><\/p>\n<p align=\"justify\">Elektroni\u010dko nasilje je svako vrije\u0111anje, ruganje, la\u017eno predstavljanje, ismijavanje, \u0161irenje la\u017ei, uznemiravanje, poni\u017eavanje, prijetnja putem interneta (dru\u0161tvenih mre\u017ea, e-mailova, blogova, foruma, web stranica) i mobitela, a mo\u017ee biti u obliku poruka, fotografija, video snimki, poziva, objava i komentara. Elektroni\u010dko nasilje se jo\u0161 zove virtualno nasilje ili cyberbullying.<\/p>\n<p align=\"justify\"><strong>Tko sve mo\u017ee biti \u017ertva elektroni\u010dkog nasilja?<\/strong><\/p>\n<p align=\"justify\">\u017drtva elektroni\u010dkog nasilja mo\u017ee biti svatko, neovisno o dobi, izgledu, spolu, porijeklu i sl. Ho\u0107e li neko dijete biti \u017ertva elektroni\u010dkog nasilja ne ovisi o tom djetetu ve\u0107 o zlostavlja\u010dima jer su oni ti koji odlu\u010de elektroni\u010dkim putem zlostavljati neko drugo dijete.<\/p>\n<p align=\"justify\"><strong>Tko sve mo\u017ee biti zlostavlja\u010d?<\/strong><\/p>\n<p align=\"justify\">Zlostavlja\u010d putem elektroni\u010dkog nasilja je svatko tko odlu\u010di vrije\u0111ati, \u0161iriti la\u017ei, ismijavati, poni\u017eavati, prijetiti drugoj osobi putem interneta i\/ili mobitela. Zlostavlja\u010di su i one osobe koje takav sadr\u017eaj vide na Internetu te ga podr\u017eavaju svojim komentarima, objavama, dijeljenjima, \u201elajkovima\u201c i tako ohrabruju zlostavlja\u010da koji je sadr\u017eaj objavio i podijelio.<\/p>\n<p align=\"justify\"><strong>Kome se obratiti ako si \u017ertva elektroni\u010dkog nasilja?<\/strong><\/p>\n<p align=\"justify\">Ako primijeti\u0161 da te neko dijete ili grupa djece zlostavlja putem Interneta i\/ili mobitela obrati se roditeljima, razredniku, \u0161kolskoj slu\u017ebi (pedagog, psiholog, socijalni radnik, socijalni pedagog) ili bilo kojem nastavniku. Korisno je da pritom sa\u010duva\u0161 neprimjerene poruke, fotografije, videe, komentare i sl. kako bi se oni koristili kao dokaz te omogu\u0107ili policiji da putem IP adrese prona\u0111u osobu\/e koje su sadr\u017eaj objavile te da bi se ti sadr\u017eaji uspje\u0161no uklonili sa stranica na kojima su objavljeni.<\/p>\n<p align=\"justify\"><strong>\u0160to napraviti ako primijeti\u0161 da je neko drugo dijete \u017ertva elektroni\u010dkog nasilja?<\/strong><\/p>\n<p align=\"justify\">Ako na internetu primijeti\u0161 grupe, objave, komentare, fotografije, videe i sli\u010dan sadr\u017eaj kojim se neko dijete vrije\u0111a, ismijava, sramoti i sli\u010dno, ozna\u010di ih kao \u201eNeprimjeren sadr\u017eaj\u201c i prijavi ih stranici na kojoj su objavljene. Tako\u0111er, ako sazna\u0161 da se netko predstavlja kao neko drugo dijete te objavljuje slike, sramotne pri\u010de ili sli\u010dno, prijavi taj profil kao la\u017eni i obavijesti o tome svoje roditelje, nastavnike ili \u0161kolsku slu\u017ebu. Ako primijeti\u0161 \u2013 prijavi!<\/p>\n<p align=\"justify\"><strong>Kako se za\u0161titi od elektroni\u010dkog nasilja?<\/strong><br><\/p>\n<p align=\"justify\">Razli\u010dite internetske stranice, aplikacije na mobitelu i dru\u0161tvene mre\u017ee izgledaju jako zabavno, sigurno i zanimljivo te pozivaju da na njima objavljuje\u0161 \u0161to vi\u0161e podataka o sebi i svojim prijateljima. No, nikada ne mo\u017ee\u0161 znati koje osobe i s kakvim namjerama se nalaze s druge strane tipkovnice. Zato je najsigurnije ne objavljivati nikakve osobne informacije ni fotografije putem interneta. Tako\u0111er je najsigurnije ne stavljati na Internet ni\u0161ta \u0161to ne \u017eeli\u0161 da netko drugi vidi jer je \u201ehakiranja\u201c profila i ra\u010duna danas sve \u010de\u0161\u0107e i ne mo\u017ee\u0161 biti siguran\/sigurna da tim putem netko ne\u0107e do\u0107i do tvojih informacija.<\/p>\n<p align=\"justify\">Ako ima\u0161 profil na nekoj stranici, za\u0161titi ga lozinkom i postavkama privatnosti. Zapamti lozinku i nemoj je ni s kim dijeliti.<\/p>\n<p align=\"justify\">Ako netko \u0161iri la\u017ei i uvredljive komentare o tebi, \u0161alje ti neprimjerene poruke, fotografije, videe ili te na neki drugi na\u010din uznemiruje, sa\u010duvaj dokaze i poka\u017ei ih roditeljima, razredniku, nastavnicima, \u0161kolskoj slu\u017ebi.<\/p>\n<p align=\"justify\">Ako te putem interneta ili mobitela poku\u0161a kontaktirati neka nepoznata osoba, nemoj otvarati tu poruku ve\u0107 osobu i\/ili njezin broj blokiraj, izbri\u0161i sve \u0161to ti je poslala te ju prijavi stranici na kojoj se nalazi\u0161. Tim osobama nikad nemoj slati nikakve informacije o sebi ni svoje fotografije, videe i sli\u010dno. Internetom i mobitelima se koriste i osobe s lo\u0161im namjerama te se u njihovim porukama mogu nalaziti razni neprimjereni sadr\u017eaji te kompjuterski virusi. Svaki takav poku\u0161aj nepoznate osobe da te kontaktira i neprimjereno se pona\u0161a, prijavi roditeljima, nastavnicima ili \u0161kolskoj slu\u017ebi.<\/p>\n<p align=\"justify\">Razli\u010dite internetske stranice, aplikacije na mobitelu i dru\u0161tvene mre\u017ee izgledaju jako zabavno, sigurno i zanimljivo te pozivaju da na njima objavljuje\u0161 \u0161to vi\u0161e podataka o sebi i svojim prijateljima. No, nikada ne mo\u017ee\u0161 znati koje osobe i s kakvim namjerama se nalaze s druge strane tipkovnice. Zato je najsigurnije ne objavljivati nikakve osobne informacije ni fotografije putem interneta. Tako\u0111er je najsigurnije ne stavljati na Internet ni\u0161ta \u0161to ne \u017eeli\u0161 da netko drugi vidi jer je \u201ehakiranja\u201c profila i ra\u010duna danas sve \u010de\u0161\u0107e i ne mo\u017ee\u0161 biti siguran\/sigurna da tim putem netko ne\u0107e do\u0107i do tvojih informacija.<\/p>\n<p align=\"justify\">Ako ima\u0161 profil na nekoj stranici, za\u0161titi ga lozinkom i postavkama privatnosti. Zapamti lozinku i nemoj je ni sa kim dijeliti.<\/p>\n<p align=\"justify\">Ako netko \u0161iri la\u017ei i uvredljive komentare o tebi, \u0161alje ti neprimjerene poruke, fotografije, videe ili te na neki drugi na\u010din uznemiruje, sa\u010duvaj dokaze i poka\u017ei ih roditeljima, razredniku, nastavnicima, \u0161kolskoj slu\u017ebi.<\/p>\n<p align=\"justify\">Ako te putem interneta ili mobitela poku\u0161a kontaktirati neka nepoznata osoba, nemoj otvarati tu poruku ve\u0107 osobu i\/ili njezin broj blokiraj, izbri\u0161i sve \u0161to ti je poslala te ju prijavi stranici na kojoj se nalazi\u0161. Tim osobama nikad nemoj slati nikakve informacije o sebi ni svoje fotografije, videe i sli\u010dno. Internetom i mobitelima se koriste i osobe s lo\u0161im namjerama te se u njihovim porukama mogu nalaziti razni neprimjereni sadr\u017eaji te kompjuterski virusi. Svaki takav poku\u0161aj nepoznate osobe da te kontaktira i neprimjereno se pona\u0161a, prijavi roditeljima, nastavnicima ili \u0161kolskoj slu\u017ebi.<\/p>\n<p><\/p>\t\t\t\t\t<\/div>\n\t\t\t\t\t\t<\/div>\n\t\t\t\t<\/div>\n\t\t\t\t\t\t<\/div>\n\t\t\t\t\t<\/div>\n\t\t<\/div>\n\t\t\t\t\t\t\t\t<\/div>\n\t\t\t\t\t<\/div>\n\t\t<\/section>\n\t\t\t\t\t\t\t\t\t<\/div>\n\t\t\t<\/div>\n\t\t\t\t\t<\/div>\n\t\t","protected":false},"excerpt":{"rendered":"<p>\u0160to je to elektroni\u010dko nasilje? Elektroni\u010dko nasilje je svako vrije\u0111anje, ruganje, la\u017eno predstavljanje, ismijavanje, \u0161irenje la\u017ei, uznemiravanje, poni\u017eavanje, prijetnja putem interneta (dru\u0161tvenih mre\u017ea, e-mailova, blogova, foruma, web stranica) i mobitela, a mo\u017ee biti u obliku poruka, fotografija, video snimki, poziva, objava i komentara. Elektroni\u010dko nasilje se jo\u0161 zove virtualno nasilje ili cyberbullying. Tko sve mo\u017ee [&hellip;]<\/p>\n","protected":false},"author":1,"featured_media":0,"parent":0,"menu_order":0,"comment_status":"closed","ping_status":"closed","template":"","meta":{"_mi_skip_tracking":false,"footnotes":""},"class_list":["post-368","page","type-page","status-publish","hentry"],"_links":{"self":[{"href":"https:\/\/www.hsucdp.hr\/virtualni-savjetnik\/wp-json\/wp\/v2\/pages\/368","targetHints":{"allow":["GET"]}}],"collection":[{"href":"https:\/\/www.hsucdp.hr\/virtualni-savjetnik\/wp-json\/wp\/v2\/pages"}],"about":[{"href":"https:\/\/www.hsucdp.hr\/virtualni-savjetnik\/wp-json\/wp\/v2\/types\/page"}],"author":[{"embeddable":true,"href":"https:\/\/www.hsucdp.hr\/virtualni-savjetnik\/wp-json\/wp\/v2\/users\/1"}],"replies":[{"embeddable":true,"href":"https:\/\/www.hsucdp.hr\/virtualni-savjetnik\/wp-json\/wp\/v2\/comments?post=368"}],"version-history":[{"count":16,"href":"https:\/\/www.hsucdp.hr\/virtualni-savjetnik\/wp-json\/wp\/v2\/pages\/368\/revisions"}],"predecessor-version":[{"id":1064,"href":"https:\/\/www.hsucdp.hr\/virtualni-savjetnik\/wp-json\/wp\/v2\/pages\/368\/revisions\/1064"}],"wp:attachment":[{"href":"https:\/\/www.hsucdp.hr\/virtualni-savjetnik\/wp-json\/wp\/v2\/media?parent=368"}],"curies":[{"name":"wp","href":"https:\/\/api.w.org\/{rel}","templated":true}]}}