{"id":24,"date":"2020-12-14T23:16:01","date_gmt":"2020-12-14T23:16:01","guid":{"rendered":"http:\/\/test.smarterasolutions.com\/virtualni-asistent\/?page_id=24"},"modified":"2021-02-25T14:56:35","modified_gmt":"2021-02-25T13:56:35","slug":"o-projektu-virtualni-asistent-2","status":"publish","type":"page","link":"https:\/\/www.hsucdp.hr\/virtualni-savjetnik\/","title":{"rendered":"O projektu Virtualni savjetnik"},"content":{"rendered":"\t\t<div data-elementor-type=\"wp-page\" data-elementor-id=\"24\" class=\"elementor elementor-24\">\n\t\t\t\t\t\t<div class=\"elementor-inner\">\n\t\t\t\t<div class=\"elementor-section-wrap\">\n\t\t\t\t\t\t\t\t\t<header class=\"elementor-section elementor-top-section elementor-element elementor-element-2e79e5f elementor-section-full_width elementor-section-stretched elementor-section-height-default elementor-section-height-default\" data-id=\"2e79e5f\" data-element_type=\"section\" data-settings=\"{&quot;stretch_section&quot;:&quot;section-stretched&quot;}\">\n\t\t\t\t\t\t<div class=\"elementor-container elementor-column-gap-no\">\n\t\t\t\t\t\t\t<div class=\"elementor-row\">\n\t\t\t\t\t<div class=\"elementor-column elementor-col-100 elementor-top-column elementor-element elementor-element-85ac597\" data-id=\"85ac597\" data-element_type=\"column\">\n\t\t\t<div class=\"elementor-column-wrap elementor-element-populated\">\n\t\t\t\t\t\t\t<div class=\"elementor-widget-wrap\">\n\t\t\t\t\t\t<div class=\"elementor-element elementor-element-54b337f elementor-widget elementor-widget-image\" data-id=\"54b337f\" data-element_type=\"widget\" data-widget_type=\"image.default\">\n\t\t\t\t<div class=\"elementor-widget-container\">\n\t\t\t\t\t\t\t\t<div class=\"elementor-image\">\n\t\t\t\t\t\t\t\t\t\t\t\t<img loading=\"lazy\" decoding=\"async\" width=\"1908\" height=\"1009\" src=\"https:\/\/www.hsucdp.hr\/virtualni-savjetnik\/wp-content\/uploads\/2021\/02\/00-Naslovna-v2.jpg\" class=\"attachment-full size-full wp-image-927\" alt=\"Naslovna stranica slikovnice Reci NE elektroni\u010dkom nasilju\" srcset=\"https:\/\/www.hsucdp.hr\/virtualni-savjetnik\/wp-content\/uploads\/2021\/02\/00-Naslovna-v2.jpg 1908w, https:\/\/www.hsucdp.hr\/virtualni-savjetnik\/wp-content\/uploads\/2021\/02\/00-Naslovna-v2-300x159.jpg 300w, https:\/\/www.hsucdp.hr\/virtualni-savjetnik\/wp-content\/uploads\/2021\/02\/00-Naslovna-v2-1024x542.jpg 1024w, https:\/\/www.hsucdp.hr\/virtualni-savjetnik\/wp-content\/uploads\/2021\/02\/00-Naslovna-v2-768x406.jpg 768w, https:\/\/www.hsucdp.hr\/virtualni-savjetnik\/wp-content\/uploads\/2021\/02\/00-Naslovna-v2-1536x812.jpg 1536w, https:\/\/www.hsucdp.hr\/virtualni-savjetnik\/wp-content\/uploads\/2021\/02\/00-Naslovna-v2-700x370.jpg 700w\" sizes=\"auto, (max-width: 1908px) 100vw, 1908px\" \/>\t\t\t\t\t\t\t\t\t\t\t\t\t\t<\/div>\n\t\t\t\t\t\t<\/div>\n\t\t\t\t<\/div>\n\t\t\t\t\t\t<\/div>\n\t\t\t\t\t<\/div>\n\t\t<\/div>\n\t\t\t\t\t\t\t\t<\/div>\n\t\t\t\t\t<\/div>\n\t\t<\/header>\n\t\t\t\t<main class=\"elementor-section elementor-top-section elementor-element elementor-element-4c31bd8 elementor-section-boxed elementor-section-height-default elementor-section-height-default\" data-id=\"4c31bd8\" data-element_type=\"section\">\n\t\t\t\t\t\t<div class=\"elementor-container elementor-column-gap-default\">\n\t\t\t\t\t\t\t<div class=\"elementor-row\">\n\t\t\t\t\t<div class=\"elementor-column elementor-col-100 elementor-top-column elementor-element elementor-element-8c9b37b\" data-id=\"8c9b37b\" data-element_type=\"column\">\n\t\t\t<div class=\"elementor-column-wrap elementor-element-populated\">\n\t\t\t\t\t\t\t<div class=\"elementor-widget-wrap\">\n\t\t\t\t\t\t<div class=\"elementor-element elementor-element-d03f09d elementor-widget elementor-widget-heading\" data-id=\"d03f09d\" data-element_type=\"widget\" data-widget_type=\"heading.default\">\n\t\t\t\t<div class=\"elementor-widget-container\">\n\t\t\t<h2 class=\"elementor-heading-title elementor-size-default\">O PROJEKTU VIRTUALNI SAVJETNIK<\/h2>\t\t<\/div>\n\t\t\t\t<\/div>\n\t\t\t\t<div class=\"elementor-element elementor-element-7b55fef elementor-widget elementor-widget-text-editor\" data-id=\"7b55fef\" data-element_type=\"widget\" data-widget_type=\"text-editor.default\">\n\t\t\t\t<div class=\"elementor-widget-container\">\n\t\t\t\t\t\t\t\t<div class=\"elementor-text-editor elementor-clearfix\">\n\t\t\t\tProjekt \u201eVirtuS \u2013 Virtualni savjetnik\u201c provodi Hrvatski savez udruga cerebralne i dje\u010dje paralize u partnerstvu s Udrugom osoba s invaliditetom \u201eSuncokret\u201c &#8211; Velika Gorica i Centrom za odgoj i obrazovanje Velika Gorica.<br><br>\nHrvatski savez udruga cerebralne i dje\u010dje paralize provedbom projekta \u201eVirtualni savjetnik\u201c \u017eeli osigurati usluge prevencije elektroni\u010dkog nasilja na podru\u010djima u kojima nisu razvijene, pobolj\u0161ati kvalitetu \u017eivota osoba s invaliditetom na podru\u010dju cijele Republike Hrvatske, pove\u0107ati socijalno uklju\u010divanje korisnika i prevenirati nasilje. Hrvatski savez udruga cerebralne i dje\u010dje paralize \u0107e pru\u017eati stru\u010dnu podr\u0161ku kroz vo\u0111enje projekta i provo\u0111enje aktivnosti u koordinaciju s partnerima u lokalnoj zajednici. <br><br>\nZlostavljanje djece i mladih te uznemiravanje putem interneta jedno je od najzna\u010dajnijih socijalnih rizika kojima su izlo\u017eena djeca i mladi u Republici Hrvatskoj. Uo\u010dava se nedostatak usluga i mjera koje pridonose prevenciji nasilja i zlostavljanja djece i mladih s invaliditetom s posebnim naglaskom na  elektroni\u010dko nasilje, manjak lako dostupnih savjetodavnih usluga te nedovoljna informiranost stru\u010dnog kadra i roditelja o vr\u0161nja\u010dkom nasilju i govoru mr\u017enje u digitalnom okru\u017eenju. <br><br>\nBez obzira na to \u0161to ne dolazi do fizi\u010dkih ozljeda, \u017ertve elektroni\u010dkog nasilja izjavljuju da neugodne poruke i objavljivanje uvredljivih fotografija i video sadr\u017eaja ima izuzetno te\u0161ke posljedice na njihovo samopo\u0161tovanje, samopouzdanje i mentalno zdravlje. Uo\u010dena je visoka stopa depresije i tjeskobe, \u010dak vi\u0161a nego kod klasi\u010dnog nasilja. Od ostalih simptoma javlja se promjena raspolo\u017eenja, te\u0161ko\u0107e sa spavanjem, izbjegavanje \u0161kole i izvannastavnih aktivnosti. Nasilje se mo\u017ee odvijati 24 sata dnevno, \u010dak i kada su mediji provedbe elektroni\u010dkog nasilja (ra\u010dunalo, mobitel) isklju\u010deni. <br><br>\nProjektne aktivnosti doprinose prevenciji elektroni\u010dkog nasilja nad i me\u0111u djecom i mladima s invaliditetom. Informiranjem se osvje\u0161tavaju djeca i mladi s invaliditetom i njihovi roditelji koji se susre\u0107u s mnogim izazovima i preprekama. Potrebna informiranost i razumijevanje izlaganju dru\u0161tvenim mre\u017eama i kori\u0161tenje interneta i drugih kanala komunikacije va\u017eno je zbog mogu\u0107e izlo\u017eenosti nasilju i neprimjerenim sadr\u017eajima. Za\u0161tita djece i mladih s invaliditetom mora biti prioritet dru\u0161tva. <br><br>\n\t\t\t\t\t<\/div>\n\t\t\t\t\t\t<\/div>\n\t\t\t\t<\/div>\n\t\t\t\t\t\t<\/div>\n\t\t\t\t\t<\/div>\n\t\t<\/div>\n\t\t\t\t\t\t\t\t<\/div>\n\t\t\t\t\t<\/div>\n\t\t<\/main>\n\t\t\t\t<section class=\"elementor-section elementor-top-section elementor-element elementor-element-03a9edf elementor-section-content-space-around elementor-section-boxed elementor-section-height-default elementor-section-height-default\" data-id=\"03a9edf\" data-element_type=\"section\">\n\t\t\t\t\t\t<div class=\"elementor-container elementor-column-gap-default\">\n\t\t\t\t\t\t\t<div class=\"elementor-row\">\n\t\t\t\t\t<div class=\"elementor-column elementor-col-25 elementor-top-column elementor-element elementor-element-ea1edb4\" data-id=\"ea1edb4\" data-element_type=\"column\">\n\t\t\t<div class=\"elementor-column-wrap elementor-element-populated\">\n\t\t\t\t\t\t\t<div class=\"elementor-widget-wrap\">\n\t\t\t\t\t\t<div class=\"elementor-element elementor-element-8ad31e6 elementor-widget elementor-widget-heading\" data-id=\"8ad31e6\" data-element_type=\"widget\" data-widget_type=\"heading.default\">\n\t\t\t\t<div class=\"elementor-widget-container\">\n\t\t\t<h2 class=\"elementor-heading-title elementor-size-default\">Nositelj projekta<\/h2>\t\t<\/div>\n\t\t\t\t<\/div>\n\t\t\t\t<div class=\"elementor-element elementor-element-fa9ea20 elementor-widget elementor-widget-heading\" data-id=\"fa9ea20\" data-element_type=\"widget\" data-widget_type=\"heading.default\">\n\t\t\t\t<div class=\"elementor-widget-container\">\n\t\t\t<h3 class=\"elementor-heading-title elementor-size-default\">Hrvatski savez udruga cerebralne i dje\u010dje paralize<br><\/h3>\t\t<\/div>\n\t\t\t\t<\/div>\n\t\t\t\t<div class=\"elementor-element elementor-element-01cafd6 elementor-widget elementor-widget-image\" data-id=\"01cafd6\" data-element_type=\"widget\" data-widget_type=\"image.default\">\n\t\t\t\t<div class=\"elementor-widget-container\">\n\t\t\t\t\t\t\t\t<div class=\"elementor-image\">\n\t\t\t\t\t\t\t\t\t\t\t\t<img loading=\"lazy\" decoding=\"async\" width=\"106\" height=\"95\" src=\"https:\/\/www.hsucdp.hr\/virtualni-savjetnik\/wp-content\/uploads\/2021\/01\/HSUCDP-samo-logo.png\" class=\"attachment-large size-large wp-image-162\" alt=\"NOSITELJ PROJEKTA -\u200b HRVATSKI SAVEZ UDRUGA CEREBRALNE I DJE\u010cJE PARALIZE\" \/>\t\t\t\t\t\t\t\t\t\t\t\t\t\t<\/div>\n\t\t\t\t\t\t<\/div>\n\t\t\t\t<\/div>\n\t\t\t\t\t\t<\/div>\n\t\t\t\t\t<\/div>\n\t\t<\/div>\n\t\t\t\t<div class=\"elementor-column elementor-col-25 elementor-top-column elementor-element elementor-element-dd674c8\" data-id=\"dd674c8\" data-element_type=\"column\">\n\t\t\t<div class=\"elementor-column-wrap elementor-element-populated\">\n\t\t\t\t\t\t\t<div class=\"elementor-widget-wrap\">\n\t\t\t\t\t\t<div class=\"elementor-element elementor-element-7cdc942 elementor-widget elementor-widget-heading\" data-id=\"7cdc942\" data-element_type=\"widget\" data-widget_type=\"heading.default\">\n\t\t\t\t<div class=\"elementor-widget-container\">\n\t\t\t<h2 class=\"elementor-heading-title elementor-size-default\">Partner<\/h2>\t\t<\/div>\n\t\t\t\t<\/div>\n\t\t\t\t<div class=\"elementor-element elementor-element-ba1d548 elementor-widget elementor-widget-heading\" data-id=\"ba1d548\" data-element_type=\"widget\" data-widget_type=\"heading.default\">\n\t\t\t\t<div class=\"elementor-widget-container\">\n\t\t\t<h3 class=\"elementor-heading-title elementor-size-default\">Udruga osoba s invaliditetom \u201eSuncokret\u201c Velika Gorica<br><\/h3>\t\t<\/div>\n\t\t\t\t<\/div>\n\t\t\t\t<div class=\"elementor-element elementor-element-934e845 elementor-widget elementor-widget-image\" data-id=\"934e845\" data-element_type=\"widget\" data-widget_type=\"image.default\">\n\t\t\t\t<div class=\"elementor-widget-container\">\n\t\t\t\t\t\t\t\t<div class=\"elementor-image\">\n\t\t\t\t\t\t\t\t\t\t\t\t<img loading=\"lazy\" decoding=\"async\" width=\"89\" height=\"90\" src=\"https:\/\/www.hsucdp.hr\/virtualni-savjetnik\/wp-content\/uploads\/2021\/01\/Suncokret.png\" class=\"attachment-large size-large wp-image-329\" alt=\"LOGO PARTNERA PROJEKTA: UDRUGE OSOBA S INVALIDITETOM \u201eSUNCOKRET\u201c VELIKA GORICA\" \/>\t\t\t\t\t\t\t\t\t\t\t\t\t\t<\/div>\n\t\t\t\t\t\t<\/div>\n\t\t\t\t<\/div>\n\t\t\t\t\t\t<\/div>\n\t\t\t\t\t<\/div>\n\t\t<\/div>\n\t\t\t\t<div class=\"elementor-column elementor-col-25 elementor-top-column elementor-element elementor-element-cd27610\" data-id=\"cd27610\" data-element_type=\"column\">\n\t\t\t<div class=\"elementor-column-wrap elementor-element-populated\">\n\t\t\t\t\t\t\t<div class=\"elementor-widget-wrap\">\n\t\t\t\t\t\t<div class=\"elementor-element elementor-element-851bfd7 elementor-widget elementor-widget-heading\" data-id=\"851bfd7\" data-element_type=\"widget\" data-widget_type=\"heading.default\">\n\t\t\t\t<div class=\"elementor-widget-container\">\n\t\t\t<h2 class=\"elementor-heading-title elementor-size-default\">Suradnik<\/h2>\t\t<\/div>\n\t\t\t\t<\/div>\n\t\t\t\t<div class=\"elementor-element elementor-element-c43204c elementor-widget elementor-widget-heading\" data-id=\"c43204c\" data-element_type=\"widget\" data-widget_type=\"heading.default\">\n\t\t\t\t<div class=\"elementor-widget-container\">\n\t\t\t<h3 class=\"elementor-heading-title elementor-size-default\">Centar za odgoj i obrazovanje <br> Velika Gorica<\/h3>\t\t<\/div>\n\t\t\t\t<\/div>\n\t\t\t\t<div class=\"elementor-element elementor-element-2fea2ff elementor-widget elementor-widget-image\" data-id=\"2fea2ff\" data-element_type=\"widget\" data-widget_type=\"image.default\">\n\t\t\t\t<div class=\"elementor-widget-container\">\n\t\t\t\t\t\t\t\t<div class=\"elementor-image\">\n\t\t\t\t\t\t\t\t\t\t\t\t<img loading=\"lazy\" decoding=\"async\" width=\"98\" height=\"98\" src=\"https:\/\/www.hsucdp.hr\/virtualni-savjetnik\/wp-content\/uploads\/2021\/01\/Centar-za-odgoj-i-obrazovanje-Velika-Gorica.png\" class=\"attachment-large size-large wp-image-330\" alt=\"LOGO SURADNIKA NA PROJEKTU: CENTAR ZA ODGOJ I OBRAZOVANJE VELIKA GORICA\" \/>\t\t\t\t\t\t\t\t\t\t\t\t\t\t<\/div>\n\t\t\t\t\t\t<\/div>\n\t\t\t\t<\/div>\n\t\t\t\t\t\t<\/div>\n\t\t\t\t\t<\/div>\n\t\t<\/div>\n\t\t\t\t<div class=\"elementor-column elementor-col-25 elementor-top-column elementor-element elementor-element-d6552fe\" data-id=\"d6552fe\" data-element_type=\"column\">\n\t\t\t<div class=\"elementor-column-wrap elementor-element-populated\">\n\t\t\t\t\t\t\t<div class=\"elementor-widget-wrap\">\n\t\t\t\t\t\t<div class=\"elementor-element elementor-element-51b3551 elementor-widget elementor-widget-heading\" data-id=\"51b3551\" data-element_type=\"widget\" data-widget_type=\"heading.default\">\n\t\t\t\t<div class=\"elementor-widget-container\">\n\t\t\t<h2 class=\"elementor-heading-title elementor-size-default\">Suradnik<\/h2>\t\t<\/div>\n\t\t\t\t<\/div>\n\t\t\t\t<div class=\"elementor-element elementor-element-66299bc elementor-widget elementor-widget-heading\" data-id=\"66299bc\" data-element_type=\"widget\" data-widget_type=\"heading.default\">\n\t\t\t\t<div class=\"elementor-widget-container\">\n\t\t\t<h3 class=\"elementor-heading-title elementor-size-default\">Dje\u010dji vrti\u0107 <br> \u017direk \n<br>Velika Gorica\n\n<\/h3>\t\t<\/div>\n\t\t\t\t<\/div>\n\t\t\t\t<div class=\"elementor-element elementor-element-84767b6 elementor-widget elementor-widget-image\" data-id=\"84767b6\" data-element_type=\"widget\" data-widget_type=\"image.default\">\n\t\t\t\t<div class=\"elementor-widget-container\">\n\t\t\t\t\t\t\t\t<div class=\"elementor-image\">\n\t\t\t\t\t\t\t\t\t\t\t\t<img loading=\"lazy\" decoding=\"async\" width=\"187\" height=\"81\" src=\"https:\/\/www.hsucdp.hr\/virtualni-savjetnik\/wp-content\/uploads\/2021\/02\/Djecji-vrtic-Zirek-Velika-Gorica.png\" class=\"attachment-large size-large wp-image-1111\" alt=\"\" \/>\t\t\t\t\t\t\t\t\t\t\t\t\t\t<\/div>\n\t\t\t\t\t\t<\/div>\n\t\t\t\t<\/div>\n\t\t\t\t\t\t<\/div>\n\t\t\t\t\t<\/div>\n\t\t<\/div>\n\t\t\t\t\t\t\t\t<\/div>\n\t\t\t\t\t<\/div>\n\t\t<\/section>\n\t\t\t\t<section class=\"elementor-section elementor-top-section elementor-element elementor-element-69813ef elementor-section-boxed elementor-section-height-default elementor-section-height-default\" data-id=\"69813ef\" data-element_type=\"section\">\n\t\t\t\t\t\t<div class=\"elementor-container elementor-column-gap-default\">\n\t\t\t\t\t\t\t<div class=\"elementor-row\">\n\t\t\t\t\t<div class=\"elementor-column elementor-col-100 elementor-top-column elementor-element elementor-element-43bef0f\" data-id=\"43bef0f\" data-element_type=\"column\">\n\t\t\t<div class=\"elementor-column-wrap elementor-element-populated\">\n\t\t\t\t\t\t\t<div class=\"elementor-widget-wrap\">\n\t\t\t\t\t\t<div class=\"elementor-element elementor-element-4fc63dc elementor-widget elementor-widget-heading\" data-id=\"4fc63dc\" data-element_type=\"widget\" data-widget_type=\"heading.default\">\n\t\t\t\t<div class=\"elementor-widget-container\">\n\t\t\t<h5 class=\"elementor-heading-title elementor-size-default\">Projekt \u201eVirtualni savjetnik\u201c, financiran je od strane Ministarstva rada, mirovinskog sustava, obitelji i socijalne politike.<\/h5>\t\t<\/div>\n\t\t\t\t<\/div>\n\t\t\t\t<div class=\"elementor-element elementor-element-4558822 elementor-widget elementor-widget-image\" data-id=\"4558822\" data-element_type=\"widget\" data-widget_type=\"image.default\">\n\t\t\t\t<div class=\"elementor-widget-container\">\n\t\t\t\t\t\t\t\t<div class=\"elementor-image\">\n\t\t\t\t\t\t\t\t\t\t\t\t<img loading=\"lazy\" decoding=\"async\" width=\"700\" height=\"210\" src=\"https:\/\/www.hsucdp.hr\/virtualni-savjetnik\/wp-content\/uploads\/2021\/01\/MRMSOS.jpg\" class=\"attachment-large size-large wp-image-328\" alt=\"\" srcset=\"https:\/\/www.hsucdp.hr\/virtualni-savjetnik\/wp-content\/uploads\/2021\/01\/MRMSOS.jpg 1000w, https:\/\/www.hsucdp.hr\/virtualni-savjetnik\/wp-content\/uploads\/2021\/01\/MRMSOS-300x90.jpg 300w, https:\/\/www.hsucdp.hr\/virtualni-savjetnik\/wp-content\/uploads\/2021\/01\/MRMSOS-768x230.jpg 768w, https:\/\/www.hsucdp.hr\/virtualni-savjetnik\/wp-content\/uploads\/2021\/01\/MRMSOS-700x210.jpg 700w\" sizes=\"auto, (max-width: 700px) 100vw, 700px\" \/>\t\t\t\t\t\t\t\t\t\t\t\t\t\t<\/div>\n\t\t\t\t\t\t<\/div>\n\t\t\t\t<\/div>\n\t\t\t\t\t\t<\/div>\n\t\t\t\t\t<\/div>\n\t\t<\/div>\n\t\t\t\t\t\t\t\t<\/div>\n\t\t\t\t\t<\/div>\n\t\t<\/section>\n\t\t\t\t<section class=\"elementor-section elementor-top-section elementor-element elementor-element-f7b20c0 elementor-section-boxed elementor-section-height-default elementor-section-height-default\" data-id=\"f7b20c0\" data-element_type=\"section\">\n\t\t\t\t\t\t<div class=\"elementor-container elementor-column-gap-default\">\n\t\t\t\t\t\t\t<div class=\"elementor-row\">\n\t\t\t\t\t<div class=\"elementor-column elementor-col-100 elementor-top-column elementor-element elementor-element-df6af9c\" data-id=\"df6af9c\" data-element_type=\"column\">\n\t\t\t<div class=\"elementor-column-wrap elementor-element-populated\">\n\t\t\t\t\t\t\t<div class=\"elementor-widget-wrap\">\n\t\t\t\t\t\t<div class=\"elementor-element elementor-element-fb645ba elementor-widget-divider--view-line elementor-widget elementor-widget-divider\" data-id=\"fb645ba\" data-element_type=\"widget\" data-widget_type=\"divider.default\">\n\t\t\t\t<div class=\"elementor-widget-container\">\n\t\t\t\t\t<div class=\"elementor-divider\">\n\t\t\t<span class=\"elementor-divider-separator\">\n\t\t\t\t\t\t<\/span>\n\t\t<\/div>\n\t\t\t\t<\/div>\n\t\t\t\t<\/div>\n\t\t\t\t\t\t<\/div>\n\t\t\t\t\t<\/div>\n\t\t<\/div>\n\t\t\t\t\t\t\t\t<\/div>\n\t\t\t\t\t<\/div>\n\t\t<\/section>\n\t\t\t\t<section class=\"elementor-section elementor-top-section elementor-element elementor-element-733c190 elementor-section-boxed elementor-section-height-default elementor-section-height-default\" data-id=\"733c190\" data-element_type=\"section\">\n\t\t\t\t\t\t<div class=\"elementor-container elementor-column-gap-default\">\n\t\t\t\t\t\t\t<div class=\"elementor-row\">\n\t\t\t\t\t<div class=\"elementor-column elementor-col-100 elementor-top-column elementor-element elementor-element-92f6fda\" data-id=\"92f6fda\" data-element_type=\"column\">\n\t\t\t<div class=\"elementor-column-wrap elementor-element-populated\">\n\t\t\t\t\t\t\t<div class=\"elementor-widget-wrap\">\n\t\t\t\t\t\t<div class=\"elementor-element elementor-element-1f7c41f elementor-widget elementor-widget-text-editor\" data-id=\"1f7c41f\" data-element_type=\"widget\" data-widget_type=\"text-editor.default\">\n\t\t\t\t<div class=\"elementor-widget-container\">\n\t\t\t\t\t\t\t\t<div class=\"elementor-text-editor elementor-clearfix\">\n\t\t\t\t<p style=\"text-align: left;\">VirtuS \u2013 Virtualni savjetnik\u00a9 Sva prava pridr\u017eana. Umno\u017eavanje, stavljanje na raspolaganje kao i drugi oblici kori\u0161tenja nisu dopu\u0161teni bez posebnog odobrenja autora. Svako neovla\u0161teno kori\u0161tenje, objavljivanje, prerada, obrada, reprodukcija, prikazivanje, preno\u0161enje, distribucija, snimanje ili bilo koji drugi oblik neovla\u0161tene uporabe je zabranjeno.<\/p>\t\t\t\t\t<\/div>\n\t\t\t\t\t\t<\/div>\n\t\t\t\t<\/div>\n\t\t\t\t\t\t<\/div>\n\t\t\t\t\t<\/div>\n\t\t<\/div>\n\t\t\t\t\t\t\t\t<\/div>\n\t\t\t\t\t<\/div>\n\t\t<\/section>\n\t\t\t\t\t\t\t\t\t<\/div>\n\t\t\t<\/div>\n\t\t\t\t\t<\/div>\n\t\t","protected":false},"excerpt":{"rendered":"<p>O PROJEKTU VIRTUALNI SAVJETNIK Projekt \u201eVirtuS \u2013 Virtualni savjetnik\u201c provodi Hrvatski savez udruga cerebralne i dje\u010dje paralize u partnerstvu s Udrugom osoba s invaliditetom \u201eSuncokret\u201c &#8211; Velika Gorica i Centrom za odgoj i obrazovanje Velika Gorica. Hrvatski savez udruga cerebralne i dje\u010dje paralize provedbom projekta \u201eVirtualni savjetnik\u201c \u017eeli osigurati usluge prevencije elektroni\u010dkog nasilja na podru\u010djima [&hellip;]<\/p>\n","protected":false},"author":2,"featured_media":0,"parent":0,"menu_order":0,"comment_status":"closed","ping_status":"closed","template":"templates\/full-width-page.php","meta":{"_mi_skip_tracking":false,"footnotes":""},"class_list":["post-24","page","type-page","status-publish","hentry"],"_links":{"self":[{"href":"https:\/\/www.hsucdp.hr\/virtualni-savjetnik\/wp-json\/wp\/v2\/pages\/24","targetHints":{"allow":["GET"]}}],"collection":[{"href":"https:\/\/www.hsucdp.hr\/virtualni-savjetnik\/wp-json\/wp\/v2\/pages"}],"about":[{"href":"https:\/\/www.hsucdp.hr\/virtualni-savjetnik\/wp-json\/wp\/v2\/types\/page"}],"author":[{"embeddable":true,"href":"https:\/\/www.hsucdp.hr\/virtualni-savjetnik\/wp-json\/wp\/v2\/users\/2"}],"replies":[{"embeddable":true,"href":"https:\/\/www.hsucdp.hr\/virtualni-savjetnik\/wp-json\/wp\/v2\/comments?post=24"}],"version-history":[{"count":169,"href":"https:\/\/www.hsucdp.hr\/virtualni-savjetnik\/wp-json\/wp\/v2\/pages\/24\/revisions"}],"predecessor-version":[{"id":1131,"href":"https:\/\/www.hsucdp.hr\/virtualni-savjetnik\/wp-json\/wp\/v2\/pages\/24\/revisions\/1131"}],"wp:attachment":[{"href":"https:\/\/www.hsucdp.hr\/virtualni-savjetnik\/wp-json\/wp\/v2\/media?parent=24"}],"curies":[{"name":"wp","href":"https:\/\/api.w.org\/{rel}","templated":true}]}}