{"id":95,"date":"2021-10-16T10:31:24","date_gmt":"2021-10-16T10:31:24","guid":{"rendered":"https:\/\/www.hsucdp.hr\/c-kom\/?page_id=95"},"modified":"2021-10-19T11:05:54","modified_gmt":"2021-10-19T11:05:54","slug":"izjava-o-digitalnoj-pristupacnosti","status":"publish","type":"page","link":"https:\/\/www.hsucdp.hr\/c-kom\/izjava-o-digitalnoj-pristupacnosti\/","title":{"rendered":"Izjava o digitalnoj pristupa\u010dnosti"},"content":{"rendered":"\t\t<div data-elementor-type=\"wp-page\" data-elementor-id=\"95\" class=\"elementor elementor-95\">\n\t\t\t\t\t\t\t\t\t<section class=\"elementor-section elementor-top-section elementor-element elementor-element-37cbf13 elementor-section-boxed elementor-section-height-default elementor-section-height-default\" data-id=\"37cbf13\" data-element_type=\"section\">\n\t\t\t\t\t\t<div class=\"elementor-container elementor-column-gap-default\">\n\t\t\t\t\t<div class=\"elementor-column elementor-col-100 elementor-top-column elementor-element elementor-element-b9d1764\" data-id=\"b9d1764\" data-element_type=\"column\">\n\t\t\t<div class=\"elementor-widget-wrap elementor-element-populated\">\n\t\t\t\t\t\t\t\t<div class=\"elementor-element elementor-element-5a3b47a elementor-widget elementor-widget-heading\" data-id=\"5a3b47a\" data-element_type=\"widget\" data-widget_type=\"heading.default\">\n\t\t\t\t<div class=\"elementor-widget-container\">\n\t\t\t<style>\/*! elementor - v3.7.1 - 14-08-2022 *\/\n.elementor-heading-title{padding:0;margin:0;line-height:1}.elementor-widget-heading .elementor-heading-title[class*=elementor-size-]>a{color:inherit;font-size:inherit;line-height:inherit}.elementor-widget-heading .elementor-heading-title.elementor-size-small{font-size:15px}.elementor-widget-heading .elementor-heading-title.elementor-size-medium{font-size:19px}.elementor-widget-heading .elementor-heading-title.elementor-size-large{font-size:29px}.elementor-widget-heading .elementor-heading-title.elementor-size-xl{font-size:39px}.elementor-widget-heading .elementor-heading-title.elementor-size-xxl{font-size:59px}<\/style><h2 class=\"elementor-heading-title elementor-size-default\">IZJAVA O DIGITALNOJ PRISTUPA\u010cNOSTI\u200b<\/h2>\t\t<\/div>\n\t\t\t\t<\/div>\n\t\t\t\t\t<\/div>\n\t\t<\/div>\n\t\t\t\t\t\t\t<\/div>\n\t\t<\/section>\n\t\t\t\t<section class=\"elementor-section elementor-top-section elementor-element elementor-element-f40d502 elementor-section-boxed elementor-section-height-default elementor-section-height-default\" data-id=\"f40d502\" data-element_type=\"section\">\n\t\t\t\t\t\t<div class=\"elementor-container elementor-column-gap-default\">\n\t\t\t\t\t<div class=\"elementor-column elementor-col-100 elementor-top-column elementor-element elementor-element-23b7d51\" data-id=\"23b7d51\" data-element_type=\"column\">\n\t\t\t<div class=\"elementor-widget-wrap elementor-element-populated\">\n\t\t\t\t\t\t\t\t<div class=\"elementor-element elementor-element-101ce98 elementor-widget elementor-widget-text-editor\" data-id=\"101ce98\" data-element_type=\"widget\" data-widget_type=\"text-editor.default\">\n\t\t\t\t<div class=\"elementor-widget-container\">\n\t\t\t<style>\/*! elementor - v3.7.1 - 14-08-2022 *\/\n.elementor-widget-text-editor.elementor-drop-cap-view-stacked .elementor-drop-cap{background-color:#818a91;color:#fff}.elementor-widget-text-editor.elementor-drop-cap-view-framed .elementor-drop-cap{color:#818a91;border:3px solid;background-color:transparent}.elementor-widget-text-editor:not(.elementor-drop-cap-view-default) .elementor-drop-cap{margin-top:8px}.elementor-widget-text-editor:not(.elementor-drop-cap-view-default) .elementor-drop-cap-letter{width:1em;height:1em}.elementor-widget-text-editor .elementor-drop-cap{float:left;text-align:center;line-height:1;font-size:50px}.elementor-widget-text-editor .elementor-drop-cap-letter{display:inline-block}<\/style>\t\t\t\t<p>Hrvatski savez udruga cerebralne i dje\u010dje paralize nastoji svoje mre\u017ene stranice u\u010diniti pristupa\u010dnima u skladu sa Zakonom o pristupa\u010dnosti mre\u017enih stranica i programskih rje\u0161enja za pokretne ure\u0111aje tijela javnog sektora Republike Hrvatske (\u201eNarodne novine\u201c, broj 17\/19; dalje u tekstu: Zakon) kojim se prenosi Direktiva (EU) 2016\/2102 Europskog parlamenta i Vije\u0107a od 26. listopada 2016. o pristupa\u010dnosti internetskih stranica i mobilnih aplikacija tijela javnog sektora (SL L 327, 2.12.2016.).<\/p><p>Ova Izjava o pristupa\u010dnosti primjenjuje se na mre\u017eno sjedi\u0161te projekta C-KOM \u2013 Centar kompetencija koje se nalazi na adresi <span style=\"text-decoration: underline;\"><a href=\"https:\/\/www.hsucdp.hr\/c-kom\">https:\/\/www.hsucdp.hr\/c-kom<\/a><\/span><\/p><p><b>Stupanj uskla\u0111enosti<\/b><\/p><p>Ova internetska stranica u ve\u0107oj mjeri su u skladu sa Zakonom o pristupa\u010dnosti mre\u017enih stranica i programskih rje\u0161enja za pokretne ure\u0111aje tijela javnog sektora (NN 17\/19) i Direktivom (EU) 2016\/2102 Europskog parlamenta i Vije\u0107a u smislu da je ova interentska stranica nudi:<\/p><p>\u2013 mogu\u0107nost opa\u017eanja, \u0161to zna\u010di da sadr\u017eaj i sastavni dijelovi korisni\u010dkog su\u010delja predstavljeni korisnicima na na\u010din da im omogu\u0107avaju opa\u017eanje,<\/p><p>\u2013 operabilnost, \u0161to zna\u010di da se sastavnim dijelovima korisni\u010dkog su\u010delja i navigacije mo\u017ee upravljati,<\/p><p>\u2013 razumljivost, \u0161to zna\u010di da informacije i na\u010din rada korisni\u010dkog su\u010delja su razumljivi i<\/p><p>\u2013 stabilnost, \u0161to zna\u010di da sadr\u017eaji su dovoljno stabilni da ih mogu pouzdano tuma\u010diti razli\u010diti korisni\u010dki programi, uklju\u010duju\u0107i pomo\u0107ne tehnologije kojima se slu\u017ee osobe s invaliditetom, kako bi korisnici uvijek imali pristup sadr\u017eaju.<\/p><p><strong>Nepristupa\u010dan sadr\u017eaj<\/strong><\/p><p>Sadr\u017eaj naveden u nastavku nepristupa\u010dan je iz razloga:<\/p><ul><li>Pojedine slike objavljene na mre\u017enom sjedi\u0161tu nemaju prikladan opis (alt tekst)<\/li><li>Pojedine poveznice nisu jasno ozna\u010dene i nemaju prikladne tekstualne opise<\/li><\/ul><p>Hrvatski savez udruga cerebralne i dje\u010dje paralize radi na otklanjanju uo\u010denih neuskla\u0111enosti.<\/p><p><b>Priprema ove izjave o pristupa\u010dnosti<\/b><\/p><p>Ova je izjava sastavljena 15. listopada 2021. godine, prema Predlo\u0161ku izjave o pristupa\u010dnosti koji je u skladu s Direktivom (EU) 2016\/2102 Europskog parlamenta i Vije\u0107a o pristupa\u010dnosti internetskih stranica i mobilnih aplikacija tijela javnog sektora, a utvr\u0111en je Provedbenom odlukom Komisije (EU) 2018\/1523.<\/p><p>Procjena uskla\u0111enosti sa zahtjevima pristupa\u010dnosti rezultat je samoprocjene Hrvatskog saveza udruga cerebralne i dje\u010dje paralize uz automatiziranu provjeru pristupa\u010dnosti kori\u0161tenjem alata\u00a0<em>WAVE Web Accessibility Evaluation Tool <\/em>(<a href=\"https:\/\/wave.webaim.org\"><span style=\"text-decoration: underline;\">https:\/\/wave.webaim.org<\/span><\/a>)<em>.<\/em><\/p><p><b>Povratne informacije i podaci za kontakt<\/b><\/p><p>Molimo korisnike ovih mre\u017enih stranica ako primijete neuskla\u0111en sadr\u017eaj, koji nije obuhva\u0107en ovom izjavom, da o tome obavijeste Hrvatski savez udruga cerebralne i dje\u010dje paralize.<\/p><p>Sve upite vezane uz pristupa\u010dnost mre\u017enog sjedi\u0161ta Hrvatskog saveza udruga cerebralne i dje\u010dje paralize korisnici mogu uputiti putem:<\/p><ul><li>E-maila:\u00a0<span style=\"text-decoration: underline;\"><a href=\"mailto:hsucdp@hsucdp.hr\">hsucdp@hsucdp.hr<\/a><\/span><\/li><li>Telefonom:\u00a0<span style=\"text-decoration: underline;\"><a href=\"tel:+38514666327\">+385 1 4666 327<\/a><\/span><\/li><li>Po\u0161tom: Ulica Marina Tartaglie 2<br \/>10090 Zagreb, Hrvatska<\/li><\/ul><p><b>Postupak pra\u0107enja provedbe propisa<\/b><\/p><p>Nadzor nad provedbom Zakona o pristupa\u010dnosti mre\u017enih stranica i programskih rje\u0161enja za pokretne ure\u0111aje tijela javnog sektora (NN 17\/19) obavlja Povjerenik za informiranje Republike Hrvatske.<\/p><p>Inspekcijski nadzor nad provedbom Zakona o pristupa\u010dnosti mre\u017enih stranica i programskih rje\u0161enja za pokretne ure\u0111aje tijela javnog sektora (NN 17\/19) obavljaju inspektori i drugi ovla\u0161teni slu\u017ebenici Ureda povjerenika.<\/p><p>Na nadzor se primjenjuju odredbe Zakona o pravu na pristup informacijama (NN 25\/13 i 85\/15)<\/p><p>Kontakt:<\/p><p>Povjerenik za informiranje<br \/>Juri\u0161i\u0107eva 19, 10000 Zagreb<\/p><ul><li>Tel: 01 4609 041<\/li><li>Fax: 01 4609 096<\/li><li>e-mail:\u00a0<span style=\"text-decoration: underline;\"><a role=\"link\" href=\"mailto:ppi@pristupinfo.hr\">ppi@pristupinfo.hr<\/a><\/span><\/li><li><span style=\"text-decoration: underline;\"><a role=\"link\" href=\"https:\/\/www.pristupinfo.hr\/\">www.pristupinfo.hr<\/a><\/span><\/li><\/ul>\t\t\t\t\t\t<\/div>\n\t\t\t\t<\/div>\n\t\t\t\t\t<\/div>\n\t\t<\/div>\n\t\t\t\t\t\t\t<\/div>\n\t\t<\/section>\n\t\t\t\t\t\t\t<\/div>\n\t\t","protected":false},"excerpt":{"rendered":"<p>IZJAVA O DIGITALNOJ PRISTUPA\u010cNOSTI\u200b Hrvatski savez udruga cerebralne i dje\u010dje paralize nastoji svoje mre\u017ene stranice u\u010diniti pristupa\u010dnima u skladu sa Zakonom o pristupa\u010dnosti mre\u017enih stranica i programskih rje\u0161enja za pokretne ure\u0111aje tijela javnog sektora Republike Hrvatske (\u201eNarodne novine\u201c, broj 17\/19; dalje u tekstu: Zakon) kojim se prenosi Direktiva (EU) 2016\/2102 Europskog parlamenta i Vije\u0107a od [&hellip;]<\/p>\n","protected":false},"author":1,"featured_media":0,"parent":0,"menu_order":0,"comment_status":"closed","ping_status":"closed","template":"","meta":{"footnotes":""},"class_list":["post-95","page","type-page","status-publish","hentry"],"_links":{"self":[{"href":"https:\/\/www.hsucdp.hr\/c-kom\/wp-json\/wp\/v2\/pages\/95","targetHints":{"allow":["GET"]}}],"collection":[{"href":"https:\/\/www.hsucdp.hr\/c-kom\/wp-json\/wp\/v2\/pages"}],"about":[{"href":"https:\/\/www.hsucdp.hr\/c-kom\/wp-json\/wp\/v2\/types\/page"}],"author":[{"embeddable":true,"href":"https:\/\/www.hsucdp.hr\/c-kom\/wp-json\/wp\/v2\/users\/1"}],"replies":[{"embeddable":true,"href":"https:\/\/www.hsucdp.hr\/c-kom\/wp-json\/wp\/v2\/comments?post=95"}],"version-history":[{"count":4,"href":"https:\/\/www.hsucdp.hr\/c-kom\/wp-json\/wp\/v2\/pages\/95\/revisions"}],"predecessor-version":[{"id":194,"href":"https:\/\/www.hsucdp.hr\/c-kom\/wp-json\/wp\/v2\/pages\/95\/revisions\/194"}],"wp:attachment":[{"href":"https:\/\/www.hsucdp.hr\/c-kom\/wp-json\/wp\/v2\/media?parent=95"}],"curies":[{"name":"wp","href":"https:\/\/api.w.org\/{rel}","templated":true}]}}