{"id":44,"date":"2021-10-16T10:11:57","date_gmt":"2021-10-16T10:11:57","guid":{"rendered":"https:\/\/www.hsucdp.hr\/c-kom\/?page_id=44"},"modified":"2021-10-16T10:48:00","modified_gmt":"2021-10-16T10:48:00","slug":"ulaganje-u-zaposlenike-i-zajednicu","status":"publish","type":"page","link":"https:\/\/www.hsucdp.hr\/c-kom\/ulaganje-u-zaposlenike-i-zajednicu\/","title":{"rendered":"Ulaganje u zaposlenike i zajednicu"},"content":{"rendered":"\t\t<div data-elementor-type=\"wp-page\" data-elementor-id=\"44\" class=\"elementor elementor-44\">\n\t\t\t\t\t\t\t\t\t<section class=\"elementor-section elementor-top-section elementor-element elementor-element-60ddc7d elementor-section-boxed elementor-section-height-default elementor-section-height-default\" data-id=\"60ddc7d\" data-element_type=\"section\">\n\t\t\t\t\t\t<div class=\"elementor-container elementor-column-gap-default\">\n\t\t\t\t\t<div class=\"elementor-column elementor-col-100 elementor-top-column elementor-element elementor-element-f568c34\" data-id=\"f568c34\" data-element_type=\"column\">\n\t\t\t<div class=\"elementor-widget-wrap elementor-element-populated\">\n\t\t\t\t\t\t\t\t<div class=\"elementor-element elementor-element-dba7f29 elementor-widget elementor-widget-heading\" data-id=\"dba7f29\" data-element_type=\"widget\" data-widget_type=\"heading.default\">\n\t\t\t\t<div class=\"elementor-widget-container\">\n\t\t\t<style>\/*! elementor - v3.7.1 - 14-08-2022 *\/\n.elementor-heading-title{padding:0;margin:0;line-height:1}.elementor-widget-heading .elementor-heading-title[class*=elementor-size-]>a{color:inherit;font-size:inherit;line-height:inherit}.elementor-widget-heading .elementor-heading-title.elementor-size-small{font-size:15px}.elementor-widget-heading .elementor-heading-title.elementor-size-medium{font-size:19px}.elementor-widget-heading .elementor-heading-title.elementor-size-large{font-size:29px}.elementor-widget-heading .elementor-heading-title.elementor-size-xl{font-size:39px}.elementor-widget-heading .elementor-heading-title.elementor-size-xxl{font-size:59px}<\/style><h2 class=\"elementor-heading-title elementor-size-default\">ULAGANJE U ZAPOSLENIKE I ZAJEDNICU<\/h2>\t\t<\/div>\n\t\t\t\t<\/div>\n\t\t\t\t<div class=\"elementor-element elementor-element-7b7b26a elementor-widget elementor-widget-text-editor\" data-id=\"7b7b26a\" data-element_type=\"widget\" data-widget_type=\"text-editor.default\">\n\t\t\t\t<div class=\"elementor-widget-container\">\n\t\t\t<style>\/*! elementor - v3.7.1 - 14-08-2022 *\/\n.elementor-widget-text-editor.elementor-drop-cap-view-stacked .elementor-drop-cap{background-color:#818a91;color:#fff}.elementor-widget-text-editor.elementor-drop-cap-view-framed .elementor-drop-cap{color:#818a91;border:3px solid;background-color:transparent}.elementor-widget-text-editor:not(.elementor-drop-cap-view-default) .elementor-drop-cap{margin-top:8px}.elementor-widget-text-editor:not(.elementor-drop-cap-view-default) .elementor-drop-cap-letter{width:1em;height:1em}.elementor-widget-text-editor .elementor-drop-cap{float:left;text-align:center;line-height:1;font-size:50px}.elementor-widget-text-editor .elementor-drop-cap-letter{display:inline-block}<\/style>\t\t\t\t<p>Za svaku osobu koja se uklju\u010di u rad \u201eC.kom-a\u201c osigurat \u0107e se jednake mogu\u0107nosti i jednako postupanje (bez diskriminacije izme\u0111u mu\u0161karaca i \u017eena, osoba razli\u010ditih dru\u0161tvenih kategorija, rase, vjere, nacionalnosti, jezika, dobi, osoba s invaliditetom, nezaposlenih, osoba razli\u010ditih uvjerenja ili onih koje pripadaju ranjivim skupinama). U radu organizacije prijavitelja, partnerskih organizacija i institucija ne primjenjuju se kriteriji isklju\u010denja, prednosti, ograni\u010denja ili neki drugi kriteriji te su u projektne aktivnosti direktno uklju\u010deni predstavnici organizacija koje rade s osobama u nepovoljnom polo\u017eaju i ranjivim skupinama.<br \/>\u201eC.kom\u201c \u0107e provoditi aktivnosti koje \u0107e izravno doprinositi dobrobiti zajednice i njenim \u010dlanovima koji su u nepovoljnijem polo\u017eaju. Sav ostvareni pozitivan nov\u010dani tok \u201eC.kom-a\u201c \u0107e se koristiti racionalno te ponovno ulagati u edukacije zaposlenika, besplatne edukacije za udruge i zainteresirano gra\u0111anstvo te kroz akcije za lokalnu zajednicu.<br \/>\u201eC.kom\u201c svoje obveze \u0107e ostvarivati na profesionalan i pouzdan na\u010din. Svi postupci unutar poslovanja bit \u0107e pripremani odgovorno i s velikom pa\u017enjom, po\u0161tuju\u0107i na\u010dela poslovne etike. Izradit \u0107e se poslovni plan \u201eC.kom-a\u201c. Opseg usluga \u0107e se redovito detaljno revidirati kako bi se izbjegla eventualna ka\u0161njenja ili nerazumijevanje kod provo\u0111enja pojedinih aktivnosti.<br \/>Stvorit \u0107e se promjena i pokrenuti inicijative temeljene na razvoju potencijala lokalne zajednice u segmentima mobilizacije resursa i uklju\u010divanju dionika kroz alat dru\u0161tvene ekonomije uz kori\u0161tenje inovativnosti i utjecaja na izgradnju zajednice.<\/p>\t\t\t\t\t\t<\/div>\n\t\t\t\t<\/div>\n\t\t\t\t\t<\/div>\n\t\t<\/div>\n\t\t\t\t\t\t\t<\/div>\n\t\t<\/section>\n\t\t\t\t\t\t\t<\/div>\n\t\t","protected":false},"excerpt":{"rendered":"<p>ULAGANJE U ZAPOSLENIKE I ZAJEDNICU Za svaku osobu koja se uklju\u010di u rad \u201eC.kom-a\u201c osigurat \u0107e se jednake mogu\u0107nosti i jednako postupanje (bez diskriminacije izme\u0111u mu\u0161karaca i \u017eena, osoba razli\u010ditih dru\u0161tvenih kategorija, rase, vjere, nacionalnosti, jezika, dobi, osoba s invaliditetom, nezaposlenih, osoba razli\u010ditih uvjerenja ili onih koje pripadaju ranjivim skupinama). U radu organizacije prijavitelja, partnerskih [&hellip;]<\/p>\n","protected":false},"author":1,"featured_media":0,"parent":0,"menu_order":0,"comment_status":"closed","ping_status":"closed","template":"","meta":{"footnotes":""},"class_list":["post-44","page","type-page","status-publish","hentry"],"_links":{"self":[{"href":"https:\/\/www.hsucdp.hr\/c-kom\/wp-json\/wp\/v2\/pages\/44","targetHints":{"allow":["GET"]}}],"collection":[{"href":"https:\/\/www.hsucdp.hr\/c-kom\/wp-json\/wp\/v2\/pages"}],"about":[{"href":"https:\/\/www.hsucdp.hr\/c-kom\/wp-json\/wp\/v2\/types\/page"}],"author":[{"embeddable":true,"href":"https:\/\/www.hsucdp.hr\/c-kom\/wp-json\/wp\/v2\/users\/1"}],"replies":[{"embeddable":true,"href":"https:\/\/www.hsucdp.hr\/c-kom\/wp-json\/wp\/v2\/comments?post=44"}],"version-history":[{"count":10,"href":"https:\/\/www.hsucdp.hr\/c-kom\/wp-json\/wp\/v2\/pages\/44\/revisions"}],"predecessor-version":[{"id":118,"href":"https:\/\/www.hsucdp.hr\/c-kom\/wp-json\/wp\/v2\/pages\/44\/revisions\/118"}],"wp:attachment":[{"href":"https:\/\/www.hsucdp.hr\/c-kom\/wp-json\/wp\/v2\/media?parent=44"}],"curies":[{"name":"wp","href":"https:\/\/api.w.org\/{rel}","templated":true}]}}