{"id":42,"date":"2021-10-16T10:11:08","date_gmt":"2021-10-16T10:11:08","guid":{"rendered":"https:\/\/www.hsucdp.hr\/c-kom\/?page_id=42"},"modified":"2021-10-16T10:47:41","modified_gmt":"2021-10-16T10:47:41","slug":"geografsko-podrucje-djelovanja","status":"publish","type":"page","link":"https:\/\/www.hsucdp.hr\/c-kom\/geografsko-podrucje-djelovanja\/","title":{"rendered":"Geografsko podru\u010dje djelovanja"},"content":{"rendered":"\t\t<div data-elementor-type=\"wp-page\" data-elementor-id=\"42\" class=\"elementor elementor-42\">\n\t\t\t\t\t\t\t\t\t<section class=\"elementor-section elementor-top-section elementor-element elementor-element-a1649be elementor-section-boxed elementor-section-height-default elementor-section-height-default\" data-id=\"a1649be\" data-element_type=\"section\">\n\t\t\t\t\t\t<div class=\"elementor-container elementor-column-gap-default\">\n\t\t\t\t\t<div class=\"elementor-column elementor-col-100 elementor-top-column elementor-element elementor-element-6df4348\" data-id=\"6df4348\" data-element_type=\"column\">\n\t\t\t<div class=\"elementor-widget-wrap elementor-element-populated\">\n\t\t\t\t\t\t\t\t<div class=\"elementor-element elementor-element-43901fd elementor-widget elementor-widget-heading\" data-id=\"43901fd\" data-element_type=\"widget\" data-widget_type=\"heading.default\">\n\t\t\t\t<div class=\"elementor-widget-container\">\n\t\t\t<style>\/*! elementor - v3.7.1 - 14-08-2022 *\/\n.elementor-heading-title{padding:0;margin:0;line-height:1}.elementor-widget-heading .elementor-heading-title[class*=elementor-size-]>a{color:inherit;font-size:inherit;line-height:inherit}.elementor-widget-heading .elementor-heading-title.elementor-size-small{font-size:15px}.elementor-widget-heading .elementor-heading-title.elementor-size-medium{font-size:19px}.elementor-widget-heading .elementor-heading-title.elementor-size-large{font-size:29px}.elementor-widget-heading .elementor-heading-title.elementor-size-xl{font-size:39px}.elementor-widget-heading .elementor-heading-title.elementor-size-xxl{font-size:59px}<\/style><h2 class=\"elementor-heading-title elementor-size-default\">GEOGRAFSKO PODRU\u010cJE DJELOVANJA<\/h2>\t\t<\/div>\n\t\t\t\t<\/div>\n\t\t\t\t<div class=\"elementor-element elementor-element-d1d3083 elementor-widget elementor-widget-text-editor\" data-id=\"d1d3083\" data-element_type=\"widget\" data-widget_type=\"text-editor.default\">\n\t\t\t\t<div class=\"elementor-widget-container\">\n\t\t\t<style>\/*! elementor - v3.7.1 - 14-08-2022 *\/\n.elementor-widget-text-editor.elementor-drop-cap-view-stacked .elementor-drop-cap{background-color:#818a91;color:#fff}.elementor-widget-text-editor.elementor-drop-cap-view-framed .elementor-drop-cap{color:#818a91;border:3px solid;background-color:transparent}.elementor-widget-text-editor:not(.elementor-drop-cap-view-default) .elementor-drop-cap{margin-top:8px}.elementor-widget-text-editor:not(.elementor-drop-cap-view-default) .elementor-drop-cap-letter{width:1em;height:1em}.elementor-widget-text-editor .elementor-drop-cap{float:left;text-align:center;line-height:1;font-size:50px}.elementor-widget-text-editor .elementor-drop-cap-letter{display:inline-block}<\/style>\t\t\t\t<p>Makrolokacija ulaganja je Republika Hrvatska u kojoj je prema podacima Ureda za udruge registrirano ukupno 51.679 udruga na dan 31.03.2020. \u201eC.kom\u201c \u0107e pru\u017eati intelektualne usluge svim zainteresiranim udrugama s podru\u010dja Republike Hrvatske. Mikrolokacija ulaganja je Grad Zagreb, na adresi sjedi\u0161ta novootvorenog socijalnog poduze\u0107a u ulici Marina Tartaglie 2, 10090 Zagreb gdje HSUCDP ima predvi\u0111en neure\u0111en poslovni prostor kojeg ima u planu urediti za djelovanje \u201eC.kom\u201c socijalnog poduze\u0107a. Na podru\u010dju Grada Zagreba uzev\u0161i u obzir postotak udruga na podru\u010dju jedinice regionalne samouprave u odnosu na ukupan broj udruga u Republici Hrvatskoj, Grad Zagreb ima najve\u0107i udio u iznosu od 25%. Iz navedenog se vidi da je najve\u0107i potencijal po broju udruga kojima \u0107e se pru\u017eati intelektualne usluge upravo na podru\u010dju mikrolokacije ulaganja, odnosno Grada Zagreba.<\/p>\t\t\t\t\t\t<\/div>\n\t\t\t\t<\/div>\n\t\t\t\t\t<\/div>\n\t\t<\/div>\n\t\t\t\t\t\t\t<\/div>\n\t\t<\/section>\n\t\t\t\t<section class=\"elementor-section elementor-top-section elementor-element elementor-element-400bc5f elementor-section-boxed elementor-section-height-default elementor-section-height-default\" data-id=\"400bc5f\" data-element_type=\"section\">\n\t\t\t\t\t\t<div class=\"elementor-container elementor-column-gap-default\">\n\t\t\t\t\t<div class=\"elementor-column elementor-col-100 elementor-top-column elementor-element elementor-element-b1e0d44\" data-id=\"b1e0d44\" data-element_type=\"column\">\n\t\t\t<div class=\"elementor-widget-wrap elementor-element-populated\">\n\t\t\t\t\t\t\t\t<div class=\"elementor-element elementor-element-da889d9 elementor-widget elementor-widget-heading\" data-id=\"da889d9\" data-element_type=\"widget\" data-widget_type=\"heading.default\">\n\t\t\t\t<div class=\"elementor-widget-container\">\n\t\t\t<h6 class=\"elementor-heading-title elementor-size-default\">Tablica 1. Broj udruga u Republici Hrvatskoj po \u017eupanijama u odnosu na broj stanovnika<\/h6>\t\t<\/div>\n\t\t\t\t<\/div>\n\t\t\t\t<div class=\"elementor-element elementor-element-34f09d8 elementor-widget elementor-widget-image\" data-id=\"34f09d8\" data-element_type=\"widget\" data-widget_type=\"image.default\">\n\t\t\t\t<div class=\"elementor-widget-container\">\n\t\t\t<style>\/*! elementor - v3.7.1 - 14-08-2022 *\/\n.elementor-widget-image{text-align:center}.elementor-widget-image a{display:inline-block}.elementor-widget-image a img[src$=\".svg\"]{width:48px}.elementor-widget-image img{vertical-align:middle;display:inline-block}<\/style>\t\t\t\t\t\t\t\t\t\t\t\t<img loading=\"lazy\" decoding=\"async\" width=\"700\" height=\"424\" src=\"https:\/\/www.hsucdp.hr\/c-kom\/wp-content\/uploads\/2021\/10\/Broj-udruga-u-RH.jpg\" class=\"attachment-large size-large\" alt=\"Tabli\u010dni prikaz broja udruga u RH\" srcset=\"https:\/\/www.hsucdp.hr\/c-kom\/wp-content\/uploads\/2021\/10\/Broj-udruga-u-RH.jpg 912w, https:\/\/www.hsucdp.hr\/c-kom\/wp-content\/uploads\/2021\/10\/Broj-udruga-u-RH-300x182.jpg 300w, https:\/\/www.hsucdp.hr\/c-kom\/wp-content\/uploads\/2021\/10\/Broj-udruga-u-RH-768x466.jpg 768w, https:\/\/www.hsucdp.hr\/c-kom\/wp-content\/uploads\/2021\/10\/Broj-udruga-u-RH-700x424.jpg 700w\" sizes=\"auto, (max-width: 700px) 100vw, 700px\" \/>\t\t\t\t\t\t\t\t\t\t\t\t\t\t\t<\/div>\n\t\t\t\t<\/div>\n\t\t\t\t\t<\/div>\n\t\t<\/div>\n\t\t\t\t\t\t\t<\/div>\n\t\t<\/section>\n\t\t\t\t\t\t\t<\/div>\n\t\t","protected":false},"excerpt":{"rendered":"<p>GEOGRAFSKO PODRU\u010cJE DJELOVANJA Makrolokacija ulaganja je Republika Hrvatska u kojoj je prema podacima Ureda za udruge registrirano ukupno 51.679 udruga na dan 31.03.2020. \u201eC.kom\u201c \u0107e pru\u017eati intelektualne usluge svim zainteresiranim udrugama s podru\u010dja Republike Hrvatske. Mikrolokacija ulaganja je Grad Zagreb, na adresi sjedi\u0161ta novootvorenog socijalnog poduze\u0107a u ulici Marina Tartaglie 2, 10090 Zagreb gdje HSUCDP [&hellip;]<\/p>\n","protected":false},"author":1,"featured_media":0,"parent":0,"menu_order":0,"comment_status":"closed","ping_status":"closed","template":"","meta":{"footnotes":""},"class_list":["post-42","page","type-page","status-publish","hentry"],"_links":{"self":[{"href":"https:\/\/www.hsucdp.hr\/c-kom\/wp-json\/wp\/v2\/pages\/42","targetHints":{"allow":["GET"]}}],"collection":[{"href":"https:\/\/www.hsucdp.hr\/c-kom\/wp-json\/wp\/v2\/pages"}],"about":[{"href":"https:\/\/www.hsucdp.hr\/c-kom\/wp-json\/wp\/v2\/types\/page"}],"author":[{"embeddable":true,"href":"https:\/\/www.hsucdp.hr\/c-kom\/wp-json\/wp\/v2\/users\/1"}],"replies":[{"embeddable":true,"href":"https:\/\/www.hsucdp.hr\/c-kom\/wp-json\/wp\/v2\/comments?post=42"}],"version-history":[{"count":13,"href":"https:\/\/www.hsucdp.hr\/c-kom\/wp-json\/wp\/v2\/pages\/42\/revisions"}],"predecessor-version":[{"id":115,"href":"https:\/\/www.hsucdp.hr\/c-kom\/wp-json\/wp\/v2\/pages\/42\/revisions\/115"}],"wp:attachment":[{"href":"https:\/\/www.hsucdp.hr\/c-kom\/wp-json\/wp\/v2\/media?parent=42"}],"curies":[{"name":"wp","href":"https:\/\/api.w.org\/{rel}","templated":true}]}}