{"id":40,"date":"2021-10-16T10:10:49","date_gmt":"2021-10-16T10:10:49","guid":{"rendered":"https:\/\/www.hsucdp.hr\/c-kom\/?page_id=40"},"modified":"2021-10-16T10:47:16","modified_gmt":"2021-10-16T10:47:16","slug":"utjecaj-na-zajednicu","status":"publish","type":"page","link":"https:\/\/www.hsucdp.hr\/c-kom\/utjecaj-na-zajednicu\/","title":{"rendered":"Utjecaj na zajednicu"},"content":{"rendered":"\t\t<div data-elementor-type=\"wp-page\" data-elementor-id=\"40\" class=\"elementor elementor-40\">\n\t\t\t\t\t\t\t\t\t<section class=\"elementor-section elementor-top-section elementor-element elementor-element-e7dd469 elementor-section-boxed elementor-section-height-default elementor-section-height-default\" data-id=\"e7dd469\" data-element_type=\"section\">\n\t\t\t\t\t\t<div class=\"elementor-container elementor-column-gap-default\">\n\t\t\t\t\t<div class=\"elementor-column elementor-col-100 elementor-top-column elementor-element elementor-element-62d19b1\" data-id=\"62d19b1\" data-element_type=\"column\">\n\t\t\t<div class=\"elementor-widget-wrap elementor-element-populated\">\n\t\t\t\t\t\t\t\t<div class=\"elementor-element elementor-element-06a3f90 elementor-widget elementor-widget-heading\" data-id=\"06a3f90\" data-element_type=\"widget\" data-widget_type=\"heading.default\">\n\t\t\t\t<div class=\"elementor-widget-container\">\n\t\t\t<style>\/*! elementor - v3.7.1 - 14-08-2022 *\/\n.elementor-heading-title{padding:0;margin:0;line-height:1}.elementor-widget-heading .elementor-heading-title[class*=elementor-size-]>a{color:inherit;font-size:inherit;line-height:inherit}.elementor-widget-heading .elementor-heading-title.elementor-size-small{font-size:15px}.elementor-widget-heading .elementor-heading-title.elementor-size-medium{font-size:19px}.elementor-widget-heading .elementor-heading-title.elementor-size-large{font-size:29px}.elementor-widget-heading .elementor-heading-title.elementor-size-xl{font-size:39px}.elementor-widget-heading .elementor-heading-title.elementor-size-xxl{font-size:59px}<\/style><h2 class=\"elementor-heading-title elementor-size-default\">UTJECAJ NA ZAJEDNICU<\/h2>\t\t<\/div>\n\t\t\t\t<\/div>\n\t\t\t\t<div class=\"elementor-element elementor-element-c1fb6e8 elementor-widget elementor-widget-text-editor\" data-id=\"c1fb6e8\" data-element_type=\"widget\" data-widget_type=\"text-editor.default\">\n\t\t\t\t<div class=\"elementor-widget-container\">\n\t\t\t<style>\/*! elementor - v3.7.1 - 14-08-2022 *\/\n.elementor-widget-text-editor.elementor-drop-cap-view-stacked .elementor-drop-cap{background-color:#818a91;color:#fff}.elementor-widget-text-editor.elementor-drop-cap-view-framed .elementor-drop-cap{color:#818a91;border:3px solid;background-color:transparent}.elementor-widget-text-editor:not(.elementor-drop-cap-view-default) .elementor-drop-cap{margin-top:8px}.elementor-widget-text-editor:not(.elementor-drop-cap-view-default) .elementor-drop-cap-letter{width:1em;height:1em}.elementor-widget-text-editor .elementor-drop-cap{float:left;text-align:center;line-height:1;font-size:50px}.elementor-widget-text-editor .elementor-drop-cap-letter{display:inline-block}<\/style>\t\t\t\t<p>Realizacija \u201eC.kom-a\u201c \u0107e imati direktan utjecaj i na lokalnu zajednicu kao i na jedinice lokalne, regionalne (podru\u010dne) samouprave te udruge na lokalnoj razini. Predlagatelje\/donositelje\/provoditelje javnih politika koji su izravno uklju\u010deni u suradnju s \u201eC.kom-a\u201c \u010dine predstavnici lokalne i podru\u010dne samouprave te lokalnih udruga. \u201eC.kom\u201c predstavlja izravan doprinos zajednici kroz promicanje ja\u010danja kapaciteta OCD-a za odgovaranje na potrebe lokalne zajednice.<br \/>Djelatnici \u201eC.kom-a\u201c informirat \u0107e korisnike o aktivnostima koje se provode, provoditi edukativne programe i seminare, sudjelovati u inovativnim kampanjama te u izradi strategija, nacrta, programa i planova. Udruge koje djeluju na lokalnoj razini bit \u0107e uklju\u010dene u provedbu kao va\u017eni dionici i produ\u017eeni alat dosega do krajnjih korisnika i osiguranja budu\u0107e odr\u017eivosti. Udruge koje su aktivne i prepoznatljive u zajednici uklju\u010dit \u0107e se kao suradnike u provo\u0111enju aktivnosti. Umre\u017eavanjem svih navedenih kao i provoditelja javnih politika stvara se suradni\u010dki odnos u lokalnoj zajednici izme\u0111u razli\u010ditih aktera socijalne politike.<\/p>\t\t\t\t\t\t<\/div>\n\t\t\t\t<\/div>\n\t\t\t\t\t<\/div>\n\t\t<\/div>\n\t\t\t\t\t\t\t<\/div>\n\t\t<\/section>\n\t\t\t\t\t\t\t<\/div>\n\t\t","protected":false},"excerpt":{"rendered":"<p>UTJECAJ NA ZAJEDNICU Realizacija \u201eC.kom-a\u201c \u0107e imati direktan utjecaj i na lokalnu zajednicu kao i na jedinice lokalne, regionalne (podru\u010dne) samouprave te udruge na lokalnoj razini. Predlagatelje\/donositelje\/provoditelje javnih politika koji su izravno uklju\u010deni u suradnju s \u201eC.kom-a\u201c \u010dine predstavnici lokalne i podru\u010dne samouprave te lokalnih udruga. \u201eC.kom\u201c predstavlja izravan doprinos zajednici kroz promicanje ja\u010danja kapaciteta [&hellip;]<\/p>\n","protected":false},"author":1,"featured_media":0,"parent":0,"menu_order":0,"comment_status":"closed","ping_status":"closed","template":"","meta":{"footnotes":""},"class_list":["post-40","page","type-page","status-publish","hentry"],"_links":{"self":[{"href":"https:\/\/www.hsucdp.hr\/c-kom\/wp-json\/wp\/v2\/pages\/40","targetHints":{"allow":["GET"]}}],"collection":[{"href":"https:\/\/www.hsucdp.hr\/c-kom\/wp-json\/wp\/v2\/pages"}],"about":[{"href":"https:\/\/www.hsucdp.hr\/c-kom\/wp-json\/wp\/v2\/types\/page"}],"author":[{"embeddable":true,"href":"https:\/\/www.hsucdp.hr\/c-kom\/wp-json\/wp\/v2\/users\/1"}],"replies":[{"embeddable":true,"href":"https:\/\/www.hsucdp.hr\/c-kom\/wp-json\/wp\/v2\/comments?post=40"}],"version-history":[{"count":10,"href":"https:\/\/www.hsucdp.hr\/c-kom\/wp-json\/wp\/v2\/pages\/40\/revisions"}],"predecessor-version":[{"id":112,"href":"https:\/\/www.hsucdp.hr\/c-kom\/wp-json\/wp\/v2\/pages\/40\/revisions\/112"}],"wp:attachment":[{"href":"https:\/\/www.hsucdp.hr\/c-kom\/wp-json\/wp\/v2\/media?parent=40"}],"curies":[{"name":"wp","href":"https:\/\/api.w.org\/{rel}","templated":true}]}}