{"id":38,"date":"2021-10-16T10:10:31","date_gmt":"2021-10-16T10:10:31","guid":{"rendered":"https:\/\/www.hsucdp.hr\/c-kom\/?page_id=38"},"modified":"2021-10-16T10:46:57","modified_gmt":"2021-10-16T10:46:57","slug":"prijedlog-rjesenja-kroz-socijalno-poduzetnistvo","status":"publish","type":"page","link":"https:\/\/www.hsucdp.hr\/c-kom\/prijedlog-rjesenja-kroz-socijalno-poduzetnistvo\/","title":{"rendered":"Prijedlog rje\u0161enja kroz socijalno poduzetni\u0161tvo"},"content":{"rendered":"\t\t<div data-elementor-type=\"wp-page\" data-elementor-id=\"38\" class=\"elementor elementor-38\">\n\t\t\t\t\t\t\t\t\t<section class=\"elementor-section elementor-top-section elementor-element elementor-element-dd1cad4 elementor-section-boxed elementor-section-height-default elementor-section-height-default\" data-id=\"dd1cad4\" data-element_type=\"section\">\n\t\t\t\t\t\t<div class=\"elementor-container elementor-column-gap-default\">\n\t\t\t\t\t<div class=\"elementor-column elementor-col-100 elementor-top-column elementor-element elementor-element-6fa05dd\" data-id=\"6fa05dd\" data-element_type=\"column\">\n\t\t\t<div class=\"elementor-widget-wrap elementor-element-populated\">\n\t\t\t\t\t\t\t\t<div class=\"elementor-element elementor-element-cb80a7e elementor-widget elementor-widget-heading\" data-id=\"cb80a7e\" data-element_type=\"widget\" data-widget_type=\"heading.default\">\n\t\t\t\t<div class=\"elementor-widget-container\">\n\t\t\t<style>\/*! elementor - v3.7.1 - 14-08-2022 *\/\n.elementor-heading-title{padding:0;margin:0;line-height:1}.elementor-widget-heading .elementor-heading-title[class*=elementor-size-]>a{color:inherit;font-size:inherit;line-height:inherit}.elementor-widget-heading .elementor-heading-title.elementor-size-small{font-size:15px}.elementor-widget-heading .elementor-heading-title.elementor-size-medium{font-size:19px}.elementor-widget-heading .elementor-heading-title.elementor-size-large{font-size:29px}.elementor-widget-heading .elementor-heading-title.elementor-size-xl{font-size:39px}.elementor-widget-heading .elementor-heading-title.elementor-size-xxl{font-size:59px}<\/style><h2 class=\"elementor-heading-title elementor-size-default\">PRIJEDLOG RJE\u0160ENJA KROZ SOCIJALNO PODUZETNI\u0160TVO<\/h2>\t\t<\/div>\n\t\t\t\t<\/div>\n\t\t\t\t<div class=\"elementor-element elementor-element-7bb2559 elementor-widget elementor-widget-text-editor\" data-id=\"7bb2559\" data-element_type=\"widget\" data-widget_type=\"text-editor.default\">\n\t\t\t\t<div class=\"elementor-widget-container\">\n\t\t\t<style>\/*! elementor - v3.7.1 - 14-08-2022 *\/\n.elementor-widget-text-editor.elementor-drop-cap-view-stacked .elementor-drop-cap{background-color:#818a91;color:#fff}.elementor-widget-text-editor.elementor-drop-cap-view-framed .elementor-drop-cap{color:#818a91;border:3px solid;background-color:transparent}.elementor-widget-text-editor:not(.elementor-drop-cap-view-default) .elementor-drop-cap{margin-top:8px}.elementor-widget-text-editor:not(.elementor-drop-cap-view-default) .elementor-drop-cap-letter{width:1em;height:1em}.elementor-widget-text-editor .elementor-drop-cap{float:left;text-align:center;line-height:1;font-size:50px}.elementor-widget-text-editor .elementor-drop-cap-letter{display:inline-block}<\/style>\t\t\t\t<p>Kao potencijal za odgovaranje navedenim izazovima HSUCDP predla\u017ee osnivanje \u201eC.kom\u201c \u2013 Centra kompetencija putem socijalnog poduzetni\u0161tva koji \u0107e pru\u017eati intelektualne usluge zainteresiranim ciljanim skupinama (organizacijama civilnoga dru\u0161tva, osobama s invaliditetom, predstavnicima interesnih skupina, predstavnicima jedinica lokalne i podru\u010dne (regionalne) samouprave, lobistima, gra\u0111anstvu). \u201eC.kom\u201c uklju\u010duje usluge organizirane edukacijske programe i izobrazbe, intelektualne usluge usmjerene ja\u010danju kapaciteta dionika civilnoga dru\u0161tva, izradu strategija, nacrta, programa i planova razvoja.<br \/>Dru\u0161tvenom ekonomijom i pokretanjem socijalnog poduze\u0107a daju se nova rje\u0161enja za ubla\u017eavanje problema i pokre\u0107u potencijali u lokalnoj zajednici. Na profesionalan, inovativan i odr\u017eiv pristup sustavnim promjenama nastoji premostiti dru\u0161tvene probleme, nedostatke tr\u017ei\u0161ta i iskoristiti dane mogu\u0107nosti na dobrobit zajednice i dru\u0161tva. \u201eC.kom\u201c \u0107e koristiti poslovne modele u ostvarivanju svoje misije s primarnim ciljem dru\u0161tvene promjene. Utjecaj na zajednicu &#8211; dru\u0161tvo u cjelini &#8211; bit \u0107e primaran cilj poslovanja. \u201eC.kom\u201c ujedno otvara mogu\u0107nosti novih zapo\u0161ljavanja.<br \/>\u201eC.kom\u201c \u2013 Centar kompetencija \u0107e pomo\u0107i izgradnji kompetencija klju\u010dnih dionika u civilnom sektoru kojima nedostaje znanja i informacija o klju\u010dnim temama s kojima se susre\u0107u. Usmjerenost na rje\u0161avanje problema, stvaranje inovativnog na\u010dina djelovanja, objedinjavanje tr\u017ei\u0161nog pristupa i socijalnih ciljeva, a sve s naglaskom na ostvarenje zacrtanih ciljeva Smjernica, Uredbi, Operativnih programa Europske unije i nadle\u017enih institucija u Republici Hrvatskoj.<br \/>\u201eC.kom\u201c ima za cilj rije\u0161iti problem manjka kapaciteta OCD u segmentu financijskog upravljanja i prikupljanja sredstava, suo\u010davanja s posljedicama nekonkurentnog poslovanja, oja\u010dati kompetencije potrebne za samopomo\u0107 i pru\u017eanje podr\u0161ke ranjivim skupinama.<\/p>\t\t\t\t\t\t<\/div>\n\t\t\t\t<\/div>\n\t\t\t\t\t<\/div>\n\t\t<\/div>\n\t\t\t\t\t\t\t<\/div>\n\t\t<\/section>\n\t\t\t\t\t\t\t<\/div>\n\t\t","protected":false},"excerpt":{"rendered":"<p>PRIJEDLOG RJE\u0160ENJA KROZ SOCIJALNO PODUZETNI\u0160TVO Kao potencijal za odgovaranje navedenim izazovima HSUCDP predla\u017ee osnivanje \u201eC.kom\u201c \u2013 Centra kompetencija putem socijalnog poduzetni\u0161tva koji \u0107e pru\u017eati intelektualne usluge zainteresiranim ciljanim skupinama (organizacijama civilnoga dru\u0161tva, osobama s invaliditetom, predstavnicima interesnih skupina, predstavnicima jedinica lokalne i podru\u010dne (regionalne) samouprave, lobistima, gra\u0111anstvu). \u201eC.kom\u201c uklju\u010duje usluge organizirane edukacijske programe i izobrazbe, [&hellip;]<\/p>\n","protected":false},"author":1,"featured_media":0,"parent":0,"menu_order":0,"comment_status":"closed","ping_status":"closed","template":"","meta":{"footnotes":""},"class_list":["post-38","page","type-page","status-publish","hentry"],"_links":{"self":[{"href":"https:\/\/www.hsucdp.hr\/c-kom\/wp-json\/wp\/v2\/pages\/38","targetHints":{"allow":["GET"]}}],"collection":[{"href":"https:\/\/www.hsucdp.hr\/c-kom\/wp-json\/wp\/v2\/pages"}],"about":[{"href":"https:\/\/www.hsucdp.hr\/c-kom\/wp-json\/wp\/v2\/types\/page"}],"author":[{"embeddable":true,"href":"https:\/\/www.hsucdp.hr\/c-kom\/wp-json\/wp\/v2\/users\/1"}],"replies":[{"embeddable":true,"href":"https:\/\/www.hsucdp.hr\/c-kom\/wp-json\/wp\/v2\/comments?post=38"}],"version-history":[{"count":13,"href":"https:\/\/www.hsucdp.hr\/c-kom\/wp-json\/wp\/v2\/pages\/38\/revisions"}],"predecessor-version":[{"id":109,"href":"https:\/\/www.hsucdp.hr\/c-kom\/wp-json\/wp\/v2\/pages\/38\/revisions\/109"}],"wp:attachment":[{"href":"https:\/\/www.hsucdp.hr\/c-kom\/wp-json\/wp\/v2\/media?parent=38"}],"curies":[{"name":"wp","href":"https:\/\/api.w.org\/{rel}","templated":true}]}}